{"id":15414,"date":"2021-10-27T16:09:37","date_gmt":"2021-10-27T15:09:37","guid":{"rendered":"https:\/\/marneantic.com\/?post_type=product&#038;p=15414"},"modified":"2021-10-27T16:09:37","modified_gmt":"2021-10-27T15:09:37","slug":"travailleuse-vintage-en-bois","status":"publish","type":"product","link":"https:\/\/marneantic.com\/index.php\/produit\/travailleuse-vintage-en-bois\/","title":{"rendered":"travailleuse vintage en bois"},"content":{"rendered":"","protected":false},"excerpt":{"rendered":"<p>travailleuse vintage en bois plaqu\u00e9, origine allemande, en bon \u00e9tat, quelques petits accrocs sur les rebord et une trace de frottement a l&rsquo;int\u00e9rieur<br \/>\nhauteur:45.5cm<br \/>\nlargeur:51cm<br \/>\nprofondeur:36.5cm<\/p>\n<p>Les produits propos\u00e9s dans notre boutique sont anciens, ils peuvent pr\u00e9sent\u00e9s des traces d\u2019usure, d&rsquo;usage ou rayures qui donnent au produit son caract\u00e8re et son authenticit\u00e9, ils sont pr\u00e9sent\u00e9s au mieux dans la description, \u00e0 travers photos et textes, merci de bien les regarder.pas d&rsquo;exp\u00e9dition postale pour cet article, remise en main propre domicile ou livraison possible en r\u00e9gion parisienne(conditions sur demande)Les livraisons assur\u00e9es par nos soins se feront uniquement le samedi matin pour Paris et la petite couronne<\/p>\n","protected":false},"featured_media":15415,"comment_status":"open","ping_status":"closed","template":"","meta":{"_et_pb_use_builder":"","_et_pb_old_content":"","_et_gb_content_width":""},"product_cat":[31,16],"product_tag":[],"_links":{"self":[{"href":"https:\/\/marneantic.com\/index.php\/wp-json\/wp\/v2\/product\/15414"}],"collection":[{"href":"https:\/\/marneantic.com\/index.php\/wp-json\/wp\/v2\/product"}],"about":[{"href":"https:\/\/marneantic.com\/index.php\/wp-json\/wp\/v2\/types\/product"}],"replies":[{"embeddable":true,"href":"https:\/\/marneantic.com\/index.php\/wp-json\/wp\/v2\/comments?post=15414"}],"wp:featuredmedia":[{"embeddable":true,"href":"https:\/\/marneantic.com\/index.php\/wp-json\/wp\/v2\/media\/15415"}],"wp:attachment":[{"href":"https:\/\/marneantic.com\/index.php\/wp-json\/wp\/v2\/media?parent=15414"}],"wp:term":[{"taxonomy":"product_cat","embeddable":true,"href":"https:\/\/marneantic.com\/index.php\/wp-json\/wp\/v2\/product_cat?post=15414"},{"taxonomy":"product_tag","embeddable":true,"href":"https:\/\/marneantic.com\/index.php\/wp-json\/wp\/v2\/product_tag?post=15414"}],"curies":[{"name":"wp","href":"https:\/\/api.w.org\/{rel}","templated":true}]}}