{"id":15430,"date":"2021-10-29T14:08:17","date_gmt":"2021-10-29T13:08:17","guid":{"rendered":"https:\/\/marneantic.com\/?post_type=product&#038;p=15430"},"modified":"2021-10-29T14:14:34","modified_gmt":"2021-10-29T13:14:34","slug":"pince-a-sucre-ancienne-en-metal-argente-7","status":"publish","type":"product","link":"https:\/\/marneantic.com\/index.php\/produit\/pince-a-sucre-ancienne-en-metal-argente-7\/","title":{"rendered":"Pince a sucre ancienne en m\u00e9tal argent\u00e9"},"content":{"rendered":"","protected":false},"excerpt":{"rendered":"<p>Pince a sucre ancienne en m\u00e9tal argent\u00e9 poin\u00e7onn\u00e9, en bon \u00e9tat sans d\u00e9sargenture,longueur:13.5cm<\/p>\n","protected":false},"featured_media":15431,"comment_status":"closed","ping_status":"closed","template":"","meta":{"_et_pb_use_builder":"","_et_pb_old_content":"","_et_gb_content_width":""},"product_cat":[12,10,29],"product_tag":[],"_links":{"self":[{"href":"https:\/\/marneantic.com\/index.php\/wp-json\/wp\/v2\/product\/15430"}],"collection":[{"href":"https:\/\/marneantic.com\/index.php\/wp-json\/wp\/v2\/product"}],"about":[{"href":"https:\/\/marneantic.com\/index.php\/wp-json\/wp\/v2\/types\/product"}],"replies":[{"embeddable":true,"href":"https:\/\/marneantic.com\/index.php\/wp-json\/wp\/v2\/comments?post=15430"}],"wp:featuredmedia":[{"embeddable":true,"href":"https:\/\/marneantic.com\/index.php\/wp-json\/wp\/v2\/media\/15431"}],"wp:attachment":[{"href":"https:\/\/marneantic.com\/index.php\/wp-json\/wp\/v2\/media?parent=15430"}],"wp:term":[{"taxonomy":"product_cat","embeddable":true,"href":"https:\/\/marneantic.com\/index.php\/wp-json\/wp\/v2\/product_cat?post=15430"},{"taxonomy":"product_tag","embeddable":true,"href":"https:\/\/marneantic.com\/index.php\/wp-json\/wp\/v2\/product_tag?post=15430"}],"curies":[{"name":"wp","href":"https:\/\/api.w.org\/{rel}","templated":true}]}}