{"id":15439,"date":"2021-10-29T15:02:13","date_gmt":"2021-10-29T14:02:13","guid":{"rendered":"https:\/\/marneantic.com\/?post_type=product&#038;p=15439"},"modified":"2021-10-29T15:02:13","modified_gmt":"2021-10-29T14:02:13","slug":"petit-plateau-napiii-laque-decor-grave-a-la-pointe","status":"publish","type":"product","link":"https:\/\/marneantic.com\/index.php\/produit\/petit-plateau-napiii-laque-decor-grave-a-la-pointe\/","title":{"rendered":"Petit plateau NapIII laqu\u00e9 d\u00e9cor grav\u00e9 a la pointe"},"content":{"rendered":"","protected":false},"excerpt":{"rendered":"<p>Petit plateau NAP III en papier m\u00e2ch\u00e9 laqu\u00e9 ,d\u00e9cor grav\u00e9 a la pointe, en tr\u00e8s bon \u00e9tat, longueur:25.2cm, largeur:15.2cm<\/p>\n","protected":false},"featured_media":15440,"comment_status":"open","ping_status":"closed","template":"","meta":{"_et_pb_use_builder":"","_et_pb_old_content":"","_et_gb_content_width":""},"product_cat":[14],"product_tag":[],"_links":{"self":[{"href":"https:\/\/marneantic.com\/index.php\/wp-json\/wp\/v2\/product\/15439"}],"collection":[{"href":"https:\/\/marneantic.com\/index.php\/wp-json\/wp\/v2\/product"}],"about":[{"href":"https:\/\/marneantic.com\/index.php\/wp-json\/wp\/v2\/types\/product"}],"replies":[{"embeddable":true,"href":"https:\/\/marneantic.com\/index.php\/wp-json\/wp\/v2\/comments?post=15439"}],"wp:featuredmedia":[{"embeddable":true,"href":"https:\/\/marneantic.com\/index.php\/wp-json\/wp\/v2\/media\/15440"}],"wp:attachment":[{"href":"https:\/\/marneantic.com\/index.php\/wp-json\/wp\/v2\/media?parent=15439"}],"wp:term":[{"taxonomy":"product_cat","embeddable":true,"href":"https:\/\/marneantic.com\/index.php\/wp-json\/wp\/v2\/product_cat?post=15439"},{"taxonomy":"product_tag","embeddable":true,"href":"https:\/\/marneantic.com\/index.php\/wp-json\/wp\/v2\/product_tag?post=15439"}],"curies":[{"name":"wp","href":"https:\/\/api.w.org\/{rel}","templated":true}]}}