{"id":15483,"date":"2021-11-05T16:26:48","date_gmt":"2021-11-05T15:26:48","guid":{"rendered":"https:\/\/marneantic.com\/?post_type=product&#038;p=15483"},"modified":"2021-11-05T16:39:56","modified_gmt":"2021-11-05T15:39:56","slug":"tasse-a-the-ancienne-monogrammee-en-porcelaine-de-paris","status":"publish","type":"product","link":"https:\/\/marneantic.com\/index.php\/produit\/tasse-a-the-ancienne-monogrammee-en-porcelaine-de-paris\/","title":{"rendered":"Tasse a th\u00e9 ancienne monogramm\u00e9e en porcelaine de Paris"},"content":{"rendered":"","protected":false},"excerpt":{"rendered":"<p>Tasse a th\u00e9 ancienne monogramm\u00e9e GP en porcelaine de Paris, en bon \u00e9tat(usure des dorures en fon de soucoupe), tasse diametre:8.5cm,hauteur:5.7cm,soucoupe diametre:13.5cm<\/p>\n","protected":false},"featured_media":15484,"comment_status":"closed","ping_status":"closed","template":"","meta":{"_et_pb_use_builder":"","_et_pb_old_content":"","_et_gb_content_width":""},"product_cat":[26,7],"product_tag":[],"_links":{"self":[{"href":"https:\/\/marneantic.com\/index.php\/wp-json\/wp\/v2\/product\/15483"}],"collection":[{"href":"https:\/\/marneantic.com\/index.php\/wp-json\/wp\/v2\/product"}],"about":[{"href":"https:\/\/marneantic.com\/index.php\/wp-json\/wp\/v2\/types\/product"}],"replies":[{"embeddable":true,"href":"https:\/\/marneantic.com\/index.php\/wp-json\/wp\/v2\/comments?post=15483"}],"wp:featuredmedia":[{"embeddable":true,"href":"https:\/\/marneantic.com\/index.php\/wp-json\/wp\/v2\/media\/15484"}],"wp:attachment":[{"href":"https:\/\/marneantic.com\/index.php\/wp-json\/wp\/v2\/media?parent=15483"}],"wp:term":[{"taxonomy":"product_cat","embeddable":true,"href":"https:\/\/marneantic.com\/index.php\/wp-json\/wp\/v2\/product_cat?post=15483"},{"taxonomy":"product_tag","embeddable":true,"href":"https:\/\/marneantic.com\/index.php\/wp-json\/wp\/v2\/product_tag?post=15483"}],"curies":[{"name":"wp","href":"https:\/\/api.w.org\/{rel}","templated":true}]}}