{"id":15488,"date":"2021-11-05T16:40:45","date_gmt":"2021-11-05T15:40:45","guid":{"rendered":"https:\/\/marneantic.com\/?post_type=product&#038;p=15488"},"modified":"2021-11-05T16:47:07","modified_gmt":"2021-11-05T15:47:07","slug":"tasse-a-the-ancienne-en-porcelaine-2","status":"publish","type":"product","link":"https:\/\/marneantic.com\/index.php\/produit\/tasse-a-the-ancienne-en-porcelaine-2\/","title":{"rendered":"Tasse a th\u00e9 ancienne en porcelaine"},"content":{"rendered":"","protected":false},"excerpt":{"rendered":"<p>Tasse a th\u00e9 ancienne en porcelaine, d\u00e9cor floral et papillon, tasse diametre:8.2cm,hauteur:5cm,soucoupe diametre:14cm,aucune marque de fabrique<\/p>\n","protected":false},"featured_media":15489,"comment_status":"closed","ping_status":"closed","template":"","meta":{"_et_pb_use_builder":"","_et_pb_old_content":"","_et_gb_content_width":""},"product_cat":[26,7],"product_tag":[],"_links":{"self":[{"href":"https:\/\/marneantic.com\/index.php\/wp-json\/wp\/v2\/product\/15488"}],"collection":[{"href":"https:\/\/marneantic.com\/index.php\/wp-json\/wp\/v2\/product"}],"about":[{"href":"https:\/\/marneantic.com\/index.php\/wp-json\/wp\/v2\/types\/product"}],"replies":[{"embeddable":true,"href":"https:\/\/marneantic.com\/index.php\/wp-json\/wp\/v2\/comments?post=15488"}],"wp:featuredmedia":[{"embeddable":true,"href":"https:\/\/marneantic.com\/index.php\/wp-json\/wp\/v2\/media\/15489"}],"wp:attachment":[{"href":"https:\/\/marneantic.com\/index.php\/wp-json\/wp\/v2\/media?parent=15488"}],"wp:term":[{"taxonomy":"product_cat","embeddable":true,"href":"https:\/\/marneantic.com\/index.php\/wp-json\/wp\/v2\/product_cat?post=15488"},{"taxonomy":"product_tag","embeddable":true,"href":"https:\/\/marneantic.com\/index.php\/wp-json\/wp\/v2\/product_tag?post=15488"}],"curies":[{"name":"wp","href":"https:\/\/api.w.org\/{rel}","templated":true}]}}