{"id":15544,"date":"2021-11-08T16:56:26","date_gmt":"2021-11-08T15:56:26","guid":{"rendered":"https:\/\/marneantic.com\/?post_type=product&#038;p=15544"},"modified":"2021-11-08T17:02:27","modified_gmt":"2021-11-08T16:02:27","slug":"tasse-the-ancienne-en-porcelaine-de-paris","status":"publish","type":"product","link":"https:\/\/marneantic.com\/index.php\/produit\/tasse-the-ancienne-en-porcelaine-de-paris\/","title":{"rendered":"Tasse th\u00e9 ancienne en porcelaine de Paris"},"content":{"rendered":"","protected":false},"excerpt":{"rendered":"<p><span style=\"font-family: Arial;\">Tasse \u00e0 th\u00e9 ancienne en porcelaine de Paris en bon \u00e9tat (usure de la dorure par endroit sur le rebord de la tasse)<\/span><\/p>\n<div><span style=\"font-family: Arial;\">hauteur:4.5cm<\/span><\/div>\n<div><span style=\"font-family: Arial;\">diametre:9cm<\/span><\/div>\n<div>diam\u00e8tre soucoupe:13.4cm<\/div>\n","protected":false},"featured_media":15545,"comment_status":"closed","ping_status":"closed","template":"","meta":{"_et_pb_use_builder":"","_et_pb_old_content":"","_et_gb_content_width":""},"product_cat":[44,26,7],"product_tag":[],"_links":{"self":[{"href":"https:\/\/marneantic.com\/index.php\/wp-json\/wp\/v2\/product\/15544"}],"collection":[{"href":"https:\/\/marneantic.com\/index.php\/wp-json\/wp\/v2\/product"}],"about":[{"href":"https:\/\/marneantic.com\/index.php\/wp-json\/wp\/v2\/types\/product"}],"replies":[{"embeddable":true,"href":"https:\/\/marneantic.com\/index.php\/wp-json\/wp\/v2\/comments?post=15544"}],"wp:featuredmedia":[{"embeddable":true,"href":"https:\/\/marneantic.com\/index.php\/wp-json\/wp\/v2\/media\/15545"}],"wp:attachment":[{"href":"https:\/\/marneantic.com\/index.php\/wp-json\/wp\/v2\/media?parent=15544"}],"wp:term":[{"taxonomy":"product_cat","embeddable":true,"href":"https:\/\/marneantic.com\/index.php\/wp-json\/wp\/v2\/product_cat?post=15544"},{"taxonomy":"product_tag","embeddable":true,"href":"https:\/\/marneantic.com\/index.php\/wp-json\/wp\/v2\/product_tag?post=15544"}],"curies":[{"name":"wp","href":"https:\/\/api.w.org\/{rel}","templated":true}]}}