{"id":15577,"date":"2021-11-09T17:00:33","date_gmt":"2021-11-09T16:00:33","guid":{"rendered":"https:\/\/marneantic.com\/?post_type=product&#038;p=15577"},"modified":"2021-11-16T19:18:07","modified_gmt":"2021-11-16T18:18:07","slug":"dessous-de-bouteille-ancien-en-faience","status":"publish","type":"product","link":"https:\/\/marneantic.com\/index.php\/produit\/dessous-de-bouteille-ancien-en-faience\/","title":{"rendered":"Dessous de bouteille ancien en fa\u00efence"},"content":{"rendered":"","protected":false},"excerpt":{"rendered":"<p>Dessous de bouteille en fa\u00efence, a rebord, en tr\u00e8s bon \u00e9tat<\/p>\n<div>diametre:13.5cm<\/div>\n<div>hauteur:1.5cm<\/div>\n","protected":false},"featured_media":15578,"comment_status":"closed","ping_status":"closed","template":"","meta":{"_et_pb_use_builder":"","_et_pb_old_content":"","_et_gb_content_width":""},"product_cat":[13,10,11],"product_tag":[],"_links":{"self":[{"href":"https:\/\/marneantic.com\/index.php\/wp-json\/wp\/v2\/product\/15577"}],"collection":[{"href":"https:\/\/marneantic.com\/index.php\/wp-json\/wp\/v2\/product"}],"about":[{"href":"https:\/\/marneantic.com\/index.php\/wp-json\/wp\/v2\/types\/product"}],"replies":[{"embeddable":true,"href":"https:\/\/marneantic.com\/index.php\/wp-json\/wp\/v2\/comments?post=15577"}],"wp:featuredmedia":[{"embeddable":true,"href":"https:\/\/marneantic.com\/index.php\/wp-json\/wp\/v2\/media\/15578"}],"wp:attachment":[{"href":"https:\/\/marneantic.com\/index.php\/wp-json\/wp\/v2\/media?parent=15577"}],"wp:term":[{"taxonomy":"product_cat","embeddable":true,"href":"https:\/\/marneantic.com\/index.php\/wp-json\/wp\/v2\/product_cat?post=15577"},{"taxonomy":"product_tag","embeddable":true,"href":"https:\/\/marneantic.com\/index.php\/wp-json\/wp\/v2\/product_tag?post=15577"}],"curies":[{"name":"wp","href":"https:\/\/api.w.org\/{rel}","templated":true}]}}