{"id":15609,"date":"2021-11-22T15:54:25","date_gmt":"2021-11-22T14:54:25","guid":{"rendered":"https:\/\/marneantic.com\/?post_type=product&#038;p=15609"},"modified":"2021-11-22T16:02:46","modified_gmt":"2021-11-22T15:02:46","slug":"6-assiettes-plates-art-deco-anciennes-en-faience-de-st-amand","status":"publish","type":"product","link":"https:\/\/marneantic.com\/index.php\/produit\/6-assiettes-plates-art-deco-anciennes-en-faience-de-st-amand\/","title":{"rendered":"6 assiettes plates art-d\u00e9co anciennes en fa\u00efence de St-Amand"},"content":{"rendered":"","protected":false},"excerpt":{"rendered":"<p>6 assiettes plates art-d\u00e9co anciennes en fa\u00efence de St-Amand, en bon \u00e9tat,diametre:22.5cm<\/p>\n","protected":false},"featured_media":15610,"comment_status":"open","ping_status":"closed","template":"","meta":{"_et_pb_use_builder":"","_et_pb_old_content":"","_et_gb_content_width":""},"product_cat":[44,27,7],"product_tag":[],"_links":{"self":[{"href":"https:\/\/marneantic.com\/index.php\/wp-json\/wp\/v2\/product\/15609"}],"collection":[{"href":"https:\/\/marneantic.com\/index.php\/wp-json\/wp\/v2\/product"}],"about":[{"href":"https:\/\/marneantic.com\/index.php\/wp-json\/wp\/v2\/types\/product"}],"replies":[{"embeddable":true,"href":"https:\/\/marneantic.com\/index.php\/wp-json\/wp\/v2\/comments?post=15609"}],"wp:featuredmedia":[{"embeddable":true,"href":"https:\/\/marneantic.com\/index.php\/wp-json\/wp\/v2\/media\/15610"}],"wp:attachment":[{"href":"https:\/\/marneantic.com\/index.php\/wp-json\/wp\/v2\/media?parent=15609"}],"wp:term":[{"taxonomy":"product_cat","embeddable":true,"href":"https:\/\/marneantic.com\/index.php\/wp-json\/wp\/v2\/product_cat?post=15609"},{"taxonomy":"product_tag","embeddable":true,"href":"https:\/\/marneantic.com\/index.php\/wp-json\/wp\/v2\/product_tag?post=15609"}],"curies":[{"name":"wp","href":"https:\/\/api.w.org\/{rel}","templated":true}]}}