{"id":15616,"date":"2021-11-22T16:58:36","date_gmt":"2021-11-22T15:58:36","guid":{"rendered":"https:\/\/marneantic.com\/?post_type=product&#038;p=15616"},"modified":"2021-11-22T16:58:36","modified_gmt":"2021-11-22T15:58:36","slug":"poelon-individuel-ancien-en-porcelaine","status":"publish","type":"product","link":"https:\/\/marneantic.com\/index.php\/produit\/poelon-individuel-ancien-en-porcelaine\/","title":{"rendered":"Po\u00ealon individuel ancien en porcelaine"},"content":{"rendered":"","protected":false},"excerpt":{"rendered":"<p>Po\u00ealon couvert individuel ancien en porcelaine,d\u00e9cor a damier,en bon \u00e9tat,longueur avec poign\u00e9e:11cm,diametre:7.5cm,hauteur avec couvercle:5cm,aucune marque de fabrique<\/p>\n","protected":false},"featured_media":15617,"comment_status":"open","ping_status":"closed","template":"","meta":{"_et_pb_use_builder":"","_et_pb_old_content":"","_et_gb_content_width":""},"product_cat":[28,7],"product_tag":[],"_links":{"self":[{"href":"https:\/\/marneantic.com\/index.php\/wp-json\/wp\/v2\/product\/15616"}],"collection":[{"href":"https:\/\/marneantic.com\/index.php\/wp-json\/wp\/v2\/product"}],"about":[{"href":"https:\/\/marneantic.com\/index.php\/wp-json\/wp\/v2\/types\/product"}],"replies":[{"embeddable":true,"href":"https:\/\/marneantic.com\/index.php\/wp-json\/wp\/v2\/comments?post=15616"}],"wp:featuredmedia":[{"embeddable":true,"href":"https:\/\/marneantic.com\/index.php\/wp-json\/wp\/v2\/media\/15617"}],"wp:attachment":[{"href":"https:\/\/marneantic.com\/index.php\/wp-json\/wp\/v2\/media?parent=15616"}],"wp:term":[{"taxonomy":"product_cat","embeddable":true,"href":"https:\/\/marneantic.com\/index.php\/wp-json\/wp\/v2\/product_cat?post=15616"},{"taxonomy":"product_tag","embeddable":true,"href":"https:\/\/marneantic.com\/index.php\/wp-json\/wp\/v2\/product_tag?post=15616"}],"curies":[{"name":"wp","href":"https:\/\/api.w.org\/{rel}","templated":true}]}}