{"id":15641,"date":"2021-11-24T13:27:14","date_gmt":"2021-11-24T12:27:14","guid":{"rendered":"https:\/\/marneantic.com\/?post_type=product&#038;p=15641"},"modified":"2024-02-14T08:57:19","modified_gmt":"2024-02-14T07:57:19","slug":"lot-de-2-torchons-anciens-en-metisneuf","status":"publish","type":"product","link":"https:\/\/marneantic.com\/index.php\/produit\/lot-de-2-torchons-anciens-en-metisneuf\/","title":{"rendered":"Lot de 2 torchons anciens en m\u00e9tis,neuf"},"content":{"rendered":"","protected":false},"excerpt":{"rendered":"<p>Lot de 2 torchons anciens en m\u00e9tis,neuf,dimensions:75x45cm,petit monogramme brod\u00e9 PL<\/p>\n","protected":false},"featured_media":15642,"comment_status":"open","ping_status":"closed","template":"","meta":{"_et_pb_use_builder":"","_et_pb_old_content":"","_et_gb_content_width":""},"product_cat":[33],"product_tag":[],"_links":{"self":[{"href":"https:\/\/marneantic.com\/index.php\/wp-json\/wp\/v2\/product\/15641"}],"collection":[{"href":"https:\/\/marneantic.com\/index.php\/wp-json\/wp\/v2\/product"}],"about":[{"href":"https:\/\/marneantic.com\/index.php\/wp-json\/wp\/v2\/types\/product"}],"replies":[{"embeddable":true,"href":"https:\/\/marneantic.com\/index.php\/wp-json\/wp\/v2\/comments?post=15641"}],"wp:featuredmedia":[{"embeddable":true,"href":"https:\/\/marneantic.com\/index.php\/wp-json\/wp\/v2\/media\/15642"}],"wp:attachment":[{"href":"https:\/\/marneantic.com\/index.php\/wp-json\/wp\/v2\/media?parent=15641"}],"wp:term":[{"taxonomy":"product_cat","embeddable":true,"href":"https:\/\/marneantic.com\/index.php\/wp-json\/wp\/v2\/product_cat?post=15641"},{"taxonomy":"product_tag","embeddable":true,"href":"https:\/\/marneantic.com\/index.php\/wp-json\/wp\/v2\/product_tag?post=15641"}],"curies":[{"name":"wp","href":"https:\/\/api.w.org\/{rel}","templated":true}]}}