{"id":15676,"date":"2021-11-26T15:05:20","date_gmt":"2021-11-26T14:05:20","guid":{"rendered":"https:\/\/marneantic.com\/?post_type=product&#038;p=15676"},"modified":"2021-11-26T15:12:43","modified_gmt":"2021-11-26T14:12:43","slug":"tasse-a-moka-contemporaine-en-porcelaine-de-limoges-peint-main-monique-saint-marc","status":"publish","type":"product","link":"https:\/\/marneantic.com\/index.php\/produit\/tasse-a-moka-contemporaine-en-porcelaine-de-limoges-peint-main-monique-saint-marc\/","title":{"rendered":"Tasse a moka contemporaine en porcelaine de Limoges-peint main-Monique Saint-Marc"},"content":{"rendered":"","protected":false},"excerpt":{"rendered":"<p><span style=\"font-family: Arial;\">Tasse a caf\u00e9 contemporaine en porcelaine de Limoges-peint main-Monique Saint-Marc a d\u00e9cor de boutons de roses,en tr\u00e8s bon \u00e9tat<\/span><\/p>\n<div><span style=\"font-family: Arial;\">hauteur:4.8cm<\/span><\/div>\n<div><span style=\"font-family: Arial;\">diametre:4.8cm<\/span><\/div>\n<div>diam\u00e8tre soucoupe:11cm<\/div>\n","protected":false},"featured_media":15677,"comment_status":"closed","ping_status":"closed","template":"","meta":{"_et_pb_use_builder":"","_et_pb_old_content":"","_et_gb_content_width":""},"product_cat":[26,7],"product_tag":[],"_links":{"self":[{"href":"https:\/\/marneantic.com\/index.php\/wp-json\/wp\/v2\/product\/15676"}],"collection":[{"href":"https:\/\/marneantic.com\/index.php\/wp-json\/wp\/v2\/product"}],"about":[{"href":"https:\/\/marneantic.com\/index.php\/wp-json\/wp\/v2\/types\/product"}],"replies":[{"embeddable":true,"href":"https:\/\/marneantic.com\/index.php\/wp-json\/wp\/v2\/comments?post=15676"}],"wp:featuredmedia":[{"embeddable":true,"href":"https:\/\/marneantic.com\/index.php\/wp-json\/wp\/v2\/media\/15677"}],"wp:attachment":[{"href":"https:\/\/marneantic.com\/index.php\/wp-json\/wp\/v2\/media?parent=15676"}],"wp:term":[{"taxonomy":"product_cat","embeddable":true,"href":"https:\/\/marneantic.com\/index.php\/wp-json\/wp\/v2\/product_cat?post=15676"},{"taxonomy":"product_tag","embeddable":true,"href":"https:\/\/marneantic.com\/index.php\/wp-json\/wp\/v2\/product_tag?post=15676"}],"curies":[{"name":"wp","href":"https:\/\/api.w.org\/{rel}","templated":true}]}}