{"id":15740,"date":"2021-12-14T15:16:20","date_gmt":"2021-12-14T14:16:20","guid":{"rendered":"https:\/\/marneantic.com\/?post_type=product&#038;p=15740"},"modified":"2021-12-14T15:25:26","modified_gmt":"2021-12-14T14:25:26","slug":"taie-doreiller-de-nourrisson-ancienne-brodee-monogrammee-en-coton-49x33cm","status":"publish","type":"product","link":"https:\/\/marneantic.com\/index.php\/produit\/taie-doreiller-de-nourrisson-ancienne-brodee-monogrammee-en-coton-49x33cm\/","title":{"rendered":"Taie d&rsquo;oreiller de nourrisson ancienne brod\u00e9e\/monogramm\u00e9e en coton :49x33cm"},"content":{"rendered":"","protected":false},"excerpt":{"rendered":"<p>Taie d&rsquo;oreiller de nourrisson ancienne brod\u00e9e\/monogramm\u00e9e AD,en coton :49x33cm tr\u00e8s bon \u00e9tat<br \/>\nlinge v\u00e9rifi\u00e9,lav\u00e9 et repass\u00e9<\/p>\n","protected":false},"featured_media":15741,"comment_status":"open","ping_status":"closed","template":"","meta":{"_et_pb_use_builder":"","_et_pb_old_content":"","_et_gb_content_width":""},"product_cat":[33],"product_tag":[],"_links":{"self":[{"href":"https:\/\/marneantic.com\/index.php\/wp-json\/wp\/v2\/product\/15740"}],"collection":[{"href":"https:\/\/marneantic.com\/index.php\/wp-json\/wp\/v2\/product"}],"about":[{"href":"https:\/\/marneantic.com\/index.php\/wp-json\/wp\/v2\/types\/product"}],"replies":[{"embeddable":true,"href":"https:\/\/marneantic.com\/index.php\/wp-json\/wp\/v2\/comments?post=15740"}],"wp:featuredmedia":[{"embeddable":true,"href":"https:\/\/marneantic.com\/index.php\/wp-json\/wp\/v2\/media\/15741"}],"wp:attachment":[{"href":"https:\/\/marneantic.com\/index.php\/wp-json\/wp\/v2\/media?parent=15740"}],"wp:term":[{"taxonomy":"product_cat","embeddable":true,"href":"https:\/\/marneantic.com\/index.php\/wp-json\/wp\/v2\/product_cat?post=15740"},{"taxonomy":"product_tag","embeddable":true,"href":"https:\/\/marneantic.com\/index.php\/wp-json\/wp\/v2\/product_tag?post=15740"}],"curies":[{"name":"wp","href":"https:\/\/api.w.org\/{rel}","templated":true}]}}