{"id":15764,"date":"2021-12-14T17:01:05","date_gmt":"2021-12-14T16:01:05","guid":{"rendered":"https:\/\/marneantic.com\/?post_type=product&#038;p=15764"},"modified":"2021-12-14T17:01:06","modified_gmt":"2021-12-14T16:01:06","slug":"tampon-buvard-etain-et-bois-art-nouveau-branche-de-houx","status":"publish","type":"product","link":"https:\/\/marneantic.com\/index.php\/produit\/tampon-buvard-etain-et-bois-art-nouveau-branche-de-houx\/","title":{"rendered":"TAMPON Buvard \u00e9tain et bois  Art Nouveau \/branche de houx"},"content":{"rendered":"","protected":false},"excerpt":{"rendered":"<p><span style=\"font-family: Arial;\">TAMPON Buvard \u00e9tain et bois-Art Nouveau ,d\u00e9cor de branche de houx,sign\u00e9 MATHY,en bon \u00e9tat<\/span><\/p>\n<div><span style=\"font-family: Arial;\">longueur:13cm<\/span><\/div>\n<div><span style=\"font-family: Arial;\">largeur:6.5cm<\/span><\/div>\n","protected":false},"featured_media":15768,"comment_status":"open","ping_status":"closed","template":"","meta":{"_et_pb_use_builder":"","_et_pb_old_content":"","_et_gb_content_width":""},"product_cat":[14],"product_tag":[],"_links":{"self":[{"href":"https:\/\/marneantic.com\/index.php\/wp-json\/wp\/v2\/product\/15764"}],"collection":[{"href":"https:\/\/marneantic.com\/index.php\/wp-json\/wp\/v2\/product"}],"about":[{"href":"https:\/\/marneantic.com\/index.php\/wp-json\/wp\/v2\/types\/product"}],"replies":[{"embeddable":true,"href":"https:\/\/marneantic.com\/index.php\/wp-json\/wp\/v2\/comments?post=15764"}],"wp:featuredmedia":[{"embeddable":true,"href":"https:\/\/marneantic.com\/index.php\/wp-json\/wp\/v2\/media\/15768"}],"wp:attachment":[{"href":"https:\/\/marneantic.com\/index.php\/wp-json\/wp\/v2\/media?parent=15764"}],"wp:term":[{"taxonomy":"product_cat","embeddable":true,"href":"https:\/\/marneantic.com\/index.php\/wp-json\/wp\/v2\/product_cat?post=15764"},{"taxonomy":"product_tag","embeddable":true,"href":"https:\/\/marneantic.com\/index.php\/wp-json\/wp\/v2\/product_tag?post=15764"}],"curies":[{"name":"wp","href":"https:\/\/api.w.org\/{rel}","templated":true}]}}