{"id":15787,"date":"2021-12-15T16:00:34","date_gmt":"2021-12-15T15:00:34","guid":{"rendered":"https:\/\/marneantic.com\/?post_type=product&#038;p=15787"},"modified":"2021-12-15T16:09:00","modified_gmt":"2021-12-15T15:09:00","slug":"sauciere-art-deco-ancienne-en-faience","status":"publish","type":"product","link":"https:\/\/marneantic.com\/index.php\/produit\/sauciere-art-deco-ancienne-en-faience\/","title":{"rendered":"Sauci\u00e8re art-d\u00e9co ancienne en fa\u00efence"},"content":{"rendered":"","protected":false},"excerpt":{"rendered":"<p>Sauci\u00e8re art-d\u00e9co ancienne en fa\u00efence,en tres bon \u00e9tat,longueur totale:17cm,largeur:9.5cm,hauteur:10cm,aucune marque de fabrique<\/p>\n","protected":false},"featured_media":15788,"comment_status":"open","ping_status":"closed","template":"","meta":{"_et_pb_use_builder":"","_et_pb_old_content":"","_et_gb_content_width":""},"product_cat":[13,10,28,7],"product_tag":[],"_links":{"self":[{"href":"https:\/\/marneantic.com\/index.php\/wp-json\/wp\/v2\/product\/15787"}],"collection":[{"href":"https:\/\/marneantic.com\/index.php\/wp-json\/wp\/v2\/product"}],"about":[{"href":"https:\/\/marneantic.com\/index.php\/wp-json\/wp\/v2\/types\/product"}],"replies":[{"embeddable":true,"href":"https:\/\/marneantic.com\/index.php\/wp-json\/wp\/v2\/comments?post=15787"}],"wp:featuredmedia":[{"embeddable":true,"href":"https:\/\/marneantic.com\/index.php\/wp-json\/wp\/v2\/media\/15788"}],"wp:attachment":[{"href":"https:\/\/marneantic.com\/index.php\/wp-json\/wp\/v2\/media?parent=15787"}],"wp:term":[{"taxonomy":"product_cat","embeddable":true,"href":"https:\/\/marneantic.com\/index.php\/wp-json\/wp\/v2\/product_cat?post=15787"},{"taxonomy":"product_tag","embeddable":true,"href":"https:\/\/marneantic.com\/index.php\/wp-json\/wp\/v2\/product_tag?post=15787"}],"curies":[{"name":"wp","href":"https:\/\/api.w.org\/{rel}","templated":true}]}}