{"id":15795,"date":"2021-12-15T16:45:58","date_gmt":"2021-12-15T15:45:58","guid":{"rendered":"https:\/\/marneantic.com\/?post_type=product&#038;p=15795"},"modified":"2021-12-15T16:54:07","modified_gmt":"2021-12-15T15:54:07","slug":"pichet-a-lait-art-deco-ancien-en-porcelaine-de-limoges-2","status":"publish","type":"product","link":"https:\/\/marneantic.com\/index.php\/produit\/pichet-a-lait-art-deco-ancien-en-porcelaine-de-limoges-2\/","title":{"rendered":"Pichet a lait art-d\u00e9co ancien en porcelaine de Limoges"},"content":{"rendered":"","protected":false},"excerpt":{"rendered":"<p>Pichet a lait art-d\u00e9co ancien en porcelaine de Limoges ver 1930,en bon \u00e9tat(l\u00e9g\u00e8re usure de la dorure sur le rebord),hauteur:11cm,largeur:7cm hors poign\u00e9e et bec<\/p>\n","protected":false},"featured_media":15796,"comment_status":"open","ping_status":"closed","template":"","meta":{"_et_pb_use_builder":"","_et_pb_old_content":"","_et_gb_content_width":""},"product_cat":[26,7],"product_tag":[],"_links":{"self":[{"href":"https:\/\/marneantic.com\/index.php\/wp-json\/wp\/v2\/product\/15795"}],"collection":[{"href":"https:\/\/marneantic.com\/index.php\/wp-json\/wp\/v2\/product"}],"about":[{"href":"https:\/\/marneantic.com\/index.php\/wp-json\/wp\/v2\/types\/product"}],"replies":[{"embeddable":true,"href":"https:\/\/marneantic.com\/index.php\/wp-json\/wp\/v2\/comments?post=15795"}],"wp:featuredmedia":[{"embeddable":true,"href":"https:\/\/marneantic.com\/index.php\/wp-json\/wp\/v2\/media\/15796"}],"wp:attachment":[{"href":"https:\/\/marneantic.com\/index.php\/wp-json\/wp\/v2\/media?parent=15795"}],"wp:term":[{"taxonomy":"product_cat","embeddable":true,"href":"https:\/\/marneantic.com\/index.php\/wp-json\/wp\/v2\/product_cat?post=15795"},{"taxonomy":"product_tag","embeddable":true,"href":"https:\/\/marneantic.com\/index.php\/wp-json\/wp\/v2\/product_tag?post=15795"}],"curies":[{"name":"wp","href":"https:\/\/api.w.org\/{rel}","templated":true}]}}