{"id":15874,"date":"2021-12-27T16:52:47","date_gmt":"2021-12-27T15:52:47","guid":{"rendered":"https:\/\/marneantic.com\/?post_type=product&#038;p=15874"},"modified":"2021-12-27T17:04:43","modified_gmt":"2021-12-27T16:04:43","slug":"applique-vintage-annees-50-60","status":"publish","type":"product","link":"https:\/\/marneantic.com\/index.php\/produit\/applique-vintage-annees-50-60\/","title":{"rendered":"Applique vintage ann\u00e9es 50\/60&prime;"},"content":{"rendered":"","protected":false},"excerpt":{"rendered":"<p>Applique vintage ann\u00e9es 50\/60&prime; en m\u00e9tal dor\u00e9 sur disque miroir biseaut\u00e9 et,luminaire en verre opalin blanc,en bon \u00e9tat,\u00e9lectricit\u00e9 test\u00e9e,hauteur totale:25cm,largeur.26cm,profondeur au mur:12cm,fournie avec ampoules<\/p>\n<p>&nbsp;<\/p>\n","protected":false},"featured_media":15878,"comment_status":"closed","ping_status":"closed","template":"","meta":{"_et_pb_use_builder":"","_et_pb_old_content":"","_et_gb_content_width":""},"product_cat":[24,16],"product_tag":[],"_links":{"self":[{"href":"https:\/\/marneantic.com\/index.php\/wp-json\/wp\/v2\/product\/15874"}],"collection":[{"href":"https:\/\/marneantic.com\/index.php\/wp-json\/wp\/v2\/product"}],"about":[{"href":"https:\/\/marneantic.com\/index.php\/wp-json\/wp\/v2\/types\/product"}],"replies":[{"embeddable":true,"href":"https:\/\/marneantic.com\/index.php\/wp-json\/wp\/v2\/comments?post=15874"}],"wp:featuredmedia":[{"embeddable":true,"href":"https:\/\/marneantic.com\/index.php\/wp-json\/wp\/v2\/media\/15878"}],"wp:attachment":[{"href":"https:\/\/marneantic.com\/index.php\/wp-json\/wp\/v2\/media?parent=15874"}],"wp:term":[{"taxonomy":"product_cat","embeddable":true,"href":"https:\/\/marneantic.com\/index.php\/wp-json\/wp\/v2\/product_cat?post=15874"},{"taxonomy":"product_tag","embeddable":true,"href":"https:\/\/marneantic.com\/index.php\/wp-json\/wp\/v2\/product_tag?post=15874"}],"curies":[{"name":"wp","href":"https:\/\/api.w.org\/{rel}","templated":true}]}}