{"id":15932,"date":"2022-01-05T18:16:31","date_gmt":"2022-01-05T17:16:31","guid":{"rendered":"https:\/\/marneantic.com\/?post_type=product&#038;p=15932"},"modified":"2022-01-05T18:16:32","modified_gmt":"2022-01-05T17:16:32","slug":"pichet-en-gres-dalsace-schmitter-betschdorf","status":"publish","type":"product","link":"https:\/\/marneantic.com\/index.php\/produit\/pichet-en-gres-dalsace-schmitter-betschdorf\/","title":{"rendered":"Pichet en gr\u00e8s d&rsquo;Alsace Schmitter-Betschdorf"},"content":{"rendered":"","protected":false},"excerpt":{"rendered":"<p>Pichet en gr\u00e8s d&rsquo;Alsace Schmitter, Betschdorf\u00a0 \u00e0 d\u00e9cor floral,en parfait \u00e9tat<\/p>\n<div>hauteur:16cm<\/div>\n<div>diametre:13cm<\/div>\n<div>contenance 3\/4L<\/div>\n","protected":false},"featured_media":15934,"comment_status":"open","ping_status":"closed","template":"","meta":{"_et_pb_use_builder":"","_et_pb_old_content":"","_et_gb_content_width":""},"product_cat":[13,10],"product_tag":[],"_links":{"self":[{"href":"https:\/\/marneantic.com\/index.php\/wp-json\/wp\/v2\/product\/15932"}],"collection":[{"href":"https:\/\/marneantic.com\/index.php\/wp-json\/wp\/v2\/product"}],"about":[{"href":"https:\/\/marneantic.com\/index.php\/wp-json\/wp\/v2\/types\/product"}],"replies":[{"embeddable":true,"href":"https:\/\/marneantic.com\/index.php\/wp-json\/wp\/v2\/comments?post=15932"}],"wp:featuredmedia":[{"embeddable":true,"href":"https:\/\/marneantic.com\/index.php\/wp-json\/wp\/v2\/media\/15934"}],"wp:attachment":[{"href":"https:\/\/marneantic.com\/index.php\/wp-json\/wp\/v2\/media?parent=15932"}],"wp:term":[{"taxonomy":"product_cat","embeddable":true,"href":"https:\/\/marneantic.com\/index.php\/wp-json\/wp\/v2\/product_cat?post=15932"},{"taxonomy":"product_tag","embeddable":true,"href":"https:\/\/marneantic.com\/index.php\/wp-json\/wp\/v2\/product_tag?post=15932"}],"curies":[{"name":"wp","href":"https:\/\/api.w.org\/{rel}","templated":true}]}}