{"id":1594,"date":"2016-05-26T16:58:20","date_gmt":"2016-05-26T15:58:20","guid":{"rendered":"http:\/\/marneantic.com\/index.php\/produit\/pince-a-sucre-art-deco-ancienne-en-metal-argente\/"},"modified":"2019-08-14T07:32:32","modified_gmt":"2019-08-14T06:32:32","slug":"pince-a-sucre-art-deco-ancienne-en-metal-argente","status":"publish","type":"product","link":"https:\/\/marneantic.com\/index.php\/produit\/pince-a-sucre-art-deco-ancienne-en-metal-argente\/","title":{"rendered":"Pince \u00e0 sucre art-d\u00e9co ancienne en m\u00e9tal argent\u00e9"},"content":{"rendered":"","protected":false},"excerpt":{"rendered":"<p>Pince \u00e0 sucre art-d\u00e9co ancienne en m\u00e9tal argent\u00e9 poinconn\u00e9,en tr\u00e8s bon \u00e9tat<\/p>\n","protected":false},"featured_media":1596,"comment_status":"closed","ping_status":"closed","template":"","meta":{"_et_pb_use_builder":"","_et_pb_old_content":"","_et_gb_content_width":""},"product_cat":[12,10,44,29],"product_tag":[],"_links":{"self":[{"href":"https:\/\/marneantic.com\/index.php\/wp-json\/wp\/v2\/product\/1594"}],"collection":[{"href":"https:\/\/marneantic.com\/index.php\/wp-json\/wp\/v2\/product"}],"about":[{"href":"https:\/\/marneantic.com\/index.php\/wp-json\/wp\/v2\/types\/product"}],"replies":[{"embeddable":true,"href":"https:\/\/marneantic.com\/index.php\/wp-json\/wp\/v2\/comments?post=1594"}],"wp:featuredmedia":[{"embeddable":true,"href":"https:\/\/marneantic.com\/index.php\/wp-json\/wp\/v2\/media\/1596"}],"wp:attachment":[{"href":"https:\/\/marneantic.com\/index.php\/wp-json\/wp\/v2\/media?parent=1594"}],"wp:term":[{"taxonomy":"product_cat","embeddable":true,"href":"https:\/\/marneantic.com\/index.php\/wp-json\/wp\/v2\/product_cat?post=1594"},{"taxonomy":"product_tag","embeddable":true,"href":"https:\/\/marneantic.com\/index.php\/wp-json\/wp\/v2\/product_tag?post=1594"}],"curies":[{"name":"wp","href":"https:\/\/api.w.org\/{rel}","templated":true}]}}