{"id":15940,"date":"2022-01-07T11:34:37","date_gmt":"2022-01-07T10:34:37","guid":{"rendered":"https:\/\/marneantic.com\/?post_type=product&#038;p=15940"},"modified":"2022-01-07T11:39:58","modified_gmt":"2022-01-07T10:39:58","slug":"timbale-ancienne-en-metal-argente-5","status":"publish","type":"product","link":"https:\/\/marneantic.com\/index.php\/produit\/timbale-ancienne-en-metal-argente-5\/","title":{"rendered":"Timbale ancienne en m\u00e9tal argent\u00e9"},"content":{"rendered":"","protected":false},"excerpt":{"rendered":"<p>Timbale ancienne en m\u00e9tal argent\u00e9,orfevrerie saint M\u00e9dard, en tr\u00e8s bon \u00e9tat, hauteur:8cm,diametre:6.5cm<\/p>\n","protected":false},"featured_media":15941,"comment_status":"closed","ping_status":"closed","template":"","meta":{"_et_pb_use_builder":"","_et_pb_old_content":"","_et_gb_content_width":""},"product_cat":[13,12,10],"product_tag":[],"_links":{"self":[{"href":"https:\/\/marneantic.com\/index.php\/wp-json\/wp\/v2\/product\/15940"}],"collection":[{"href":"https:\/\/marneantic.com\/index.php\/wp-json\/wp\/v2\/product"}],"about":[{"href":"https:\/\/marneantic.com\/index.php\/wp-json\/wp\/v2\/types\/product"}],"replies":[{"embeddable":true,"href":"https:\/\/marneantic.com\/index.php\/wp-json\/wp\/v2\/comments?post=15940"}],"wp:featuredmedia":[{"embeddable":true,"href":"https:\/\/marneantic.com\/index.php\/wp-json\/wp\/v2\/media\/15941"}],"wp:attachment":[{"href":"https:\/\/marneantic.com\/index.php\/wp-json\/wp\/v2\/media?parent=15940"}],"wp:term":[{"taxonomy":"product_cat","embeddable":true,"href":"https:\/\/marneantic.com\/index.php\/wp-json\/wp\/v2\/product_cat?post=15940"},{"taxonomy":"product_tag","embeddable":true,"href":"https:\/\/marneantic.com\/index.php\/wp-json\/wp\/v2\/product_tag?post=15940"}],"curies":[{"name":"wp","href":"https:\/\/api.w.org\/{rel}","templated":true}]}}