{"id":15993,"date":"2022-02-01T14:57:20","date_gmt":"2022-02-01T13:57:20","guid":{"rendered":"https:\/\/marneantic.com\/?post_type=product&#038;p=15993"},"modified":"2022-02-01T15:03:12","modified_gmt":"2022-02-01T14:03:12","slug":"coquetier-ancien-en-metal-argente-4","status":"publish","type":"product","link":"https:\/\/marneantic.com\/index.php\/produit\/coquetier-ancien-en-metal-argente-4\/","title":{"rendered":"Coquetier ancien en m\u00e9tal argent\u00e9"},"content":{"rendered":"","protected":false},"excerpt":{"rendered":"<p>Coquetier sur pied ancien en m\u00e9tal argent\u00e9 poin\u00e7onn\u00e9,origine anglaise, en tr\u00e8s bon \u00e9tat,diametre:4.2cm,hauteur:7.2cm<\/p>\n","protected":false},"featured_media":15994,"comment_status":"closed","ping_status":"closed","template":"","meta":{"_et_pb_use_builder":"","_et_pb_old_content":"","_et_gb_content_width":""},"product_cat":[13,12,10],"product_tag":[],"_links":{"self":[{"href":"https:\/\/marneantic.com\/index.php\/wp-json\/wp\/v2\/product\/15993"}],"collection":[{"href":"https:\/\/marneantic.com\/index.php\/wp-json\/wp\/v2\/product"}],"about":[{"href":"https:\/\/marneantic.com\/index.php\/wp-json\/wp\/v2\/types\/product"}],"replies":[{"embeddable":true,"href":"https:\/\/marneantic.com\/index.php\/wp-json\/wp\/v2\/comments?post=15993"}],"wp:featuredmedia":[{"embeddable":true,"href":"https:\/\/marneantic.com\/index.php\/wp-json\/wp\/v2\/media\/15994"}],"wp:attachment":[{"href":"https:\/\/marneantic.com\/index.php\/wp-json\/wp\/v2\/media?parent=15993"}],"wp:term":[{"taxonomy":"product_cat","embeddable":true,"href":"https:\/\/marneantic.com\/index.php\/wp-json\/wp\/v2\/product_cat?post=15993"},{"taxonomy":"product_tag","embeddable":true,"href":"https:\/\/marneantic.com\/index.php\/wp-json\/wp\/v2\/product_tag?post=15993"}],"curies":[{"name":"wp","href":"https:\/\/api.w.org\/{rel}","templated":true}]}}