{"id":16020,"date":"2022-02-03T18:26:20","date_gmt":"2022-02-03T17:26:20","guid":{"rendered":"https:\/\/marneantic.com\/?post_type=product&#038;p=16020"},"modified":"2022-02-03T18:32:23","modified_gmt":"2022-02-03T17:32:23","slug":"cafetiere-art-deco-ancienne-en-porcelaine","status":"publish","type":"product","link":"https:\/\/marneantic.com\/index.php\/produit\/cafetiere-art-deco-ancienne-en-porcelaine\/","title":{"rendered":"Cafeti\u00e8re art-d\u00e9co ancienne en porcelaine"},"content":{"rendered":"","protected":false},"excerpt":{"rendered":"<p>Cafeti\u00e8re art-d\u00e9co ancienne en porcelaine, en tr\u00e8s bon \u00e9tat,hauteur:23cm,diam\u00e8tre:12cm hors bec et poign\u00e9e,aucune marque de fabrique<\/p>\n","protected":false},"featured_media":16021,"comment_status":"closed","ping_status":"closed","template":"","meta":{"_et_pb_use_builder":"","_et_pb_old_content":"","_et_gb_content_width":""},"product_cat":[26,7],"product_tag":[],"_links":{"self":[{"href":"https:\/\/marneantic.com\/index.php\/wp-json\/wp\/v2\/product\/16020"}],"collection":[{"href":"https:\/\/marneantic.com\/index.php\/wp-json\/wp\/v2\/product"}],"about":[{"href":"https:\/\/marneantic.com\/index.php\/wp-json\/wp\/v2\/types\/product"}],"replies":[{"embeddable":true,"href":"https:\/\/marneantic.com\/index.php\/wp-json\/wp\/v2\/comments?post=16020"}],"wp:featuredmedia":[{"embeddable":true,"href":"https:\/\/marneantic.com\/index.php\/wp-json\/wp\/v2\/media\/16021"}],"wp:attachment":[{"href":"https:\/\/marneantic.com\/index.php\/wp-json\/wp\/v2\/media?parent=16020"}],"wp:term":[{"taxonomy":"product_cat","embeddable":true,"href":"https:\/\/marneantic.com\/index.php\/wp-json\/wp\/v2\/product_cat?post=16020"},{"taxonomy":"product_tag","embeddable":true,"href":"https:\/\/marneantic.com\/index.php\/wp-json\/wp\/v2\/product_tag?post=16020"}],"curies":[{"name":"wp","href":"https:\/\/api.w.org\/{rel}","templated":true}]}}