{"id":16039,"date":"2022-02-04T13:26:25","date_gmt":"2022-02-04T12:26:25","guid":{"rendered":"https:\/\/marneantic.com\/?post_type=product&#038;p=16039"},"modified":"2022-02-04T13:32:20","modified_gmt":"2022-02-04T12:32:20","slug":"sucrier-art-deco-ancien-en-porcelaine","status":"publish","type":"product","link":"https:\/\/marneantic.com\/index.php\/produit\/sucrier-art-deco-ancien-en-porcelaine\/","title":{"rendered":"Sucrier art-d\u00e9co ancien en porcelaine"},"content":{"rendered":"","protected":false},"excerpt":{"rendered":"<p>sucrier art-d\u00e9co ancien en porcelaine vers 1925,en tr\u00e8s bon \u00e9tat,hauteur:12.5cm,diametre:10cm hors poign\u00e9e,aucune marque de fabrique<\/p>\n","protected":false},"featured_media":16040,"comment_status":"open","ping_status":"closed","template":"","meta":{"_et_pb_use_builder":"","_et_pb_old_content":"","_et_gb_content_width":""},"product_cat":[26,7],"product_tag":[],"_links":{"self":[{"href":"https:\/\/marneantic.com\/index.php\/wp-json\/wp\/v2\/product\/16039"}],"collection":[{"href":"https:\/\/marneantic.com\/index.php\/wp-json\/wp\/v2\/product"}],"about":[{"href":"https:\/\/marneantic.com\/index.php\/wp-json\/wp\/v2\/types\/product"}],"replies":[{"embeddable":true,"href":"https:\/\/marneantic.com\/index.php\/wp-json\/wp\/v2\/comments?post=16039"}],"wp:featuredmedia":[{"embeddable":true,"href":"https:\/\/marneantic.com\/index.php\/wp-json\/wp\/v2\/media\/16040"}],"wp:attachment":[{"href":"https:\/\/marneantic.com\/index.php\/wp-json\/wp\/v2\/media?parent=16039"}],"wp:term":[{"taxonomy":"product_cat","embeddable":true,"href":"https:\/\/marneantic.com\/index.php\/wp-json\/wp\/v2\/product_cat?post=16039"},{"taxonomy":"product_tag","embeddable":true,"href":"https:\/\/marneantic.com\/index.php\/wp-json\/wp\/v2\/product_tag?post=16039"}],"curies":[{"name":"wp","href":"https:\/\/api.w.org\/{rel}","templated":true}]}}