{"id":16055,"date":"2022-02-04T13:54:55","date_gmt":"2022-02-04T12:54:55","guid":{"rendered":"https:\/\/marneantic.com\/?post_type=product&#038;p=16055"},"modified":"2023-05-07T11:07:36","modified_gmt":"2023-05-07T10:07:36","slug":"tasse-a-cafe-art-deco-ancienne-en-porcelaine-4","status":"publish","type":"product","link":"https:\/\/marneantic.com\/index.php\/produit\/tasse-a-cafe-art-deco-ancienne-en-porcelaine-4\/","title":{"rendered":"Tasse \u00e0 caf\u00e9 art-d\u00e9co ancienne en porcelaine"},"content":{"rendered":"","protected":false},"excerpt":{"rendered":"<p>Tasse \u00e0 caf\u00e9 art-d\u00e9co ancienne en porcelaine,en tr\u00e8s bon \u00e9tat,tasse diametre:6.4cm,hauteur:5.7cm,soucoupe diametre:13cm,aucune marque de fabrique<\/p>\n","protected":false},"featured_media":16056,"comment_status":"closed","ping_status":"closed","template":"","meta":{"_et_pb_use_builder":"","_et_pb_old_content":"","_et_gb_content_width":""},"product_cat":[26,7],"product_tag":[],"_links":{"self":[{"href":"https:\/\/marneantic.com\/index.php\/wp-json\/wp\/v2\/product\/16055"}],"collection":[{"href":"https:\/\/marneantic.com\/index.php\/wp-json\/wp\/v2\/product"}],"about":[{"href":"https:\/\/marneantic.com\/index.php\/wp-json\/wp\/v2\/types\/product"}],"replies":[{"embeddable":true,"href":"https:\/\/marneantic.com\/index.php\/wp-json\/wp\/v2\/comments?post=16055"}],"wp:featuredmedia":[{"embeddable":true,"href":"https:\/\/marneantic.com\/index.php\/wp-json\/wp\/v2\/media\/16056"}],"wp:attachment":[{"href":"https:\/\/marneantic.com\/index.php\/wp-json\/wp\/v2\/media?parent=16055"}],"wp:term":[{"taxonomy":"product_cat","embeddable":true,"href":"https:\/\/marneantic.com\/index.php\/wp-json\/wp\/v2\/product_cat?post=16055"},{"taxonomy":"product_tag","embeddable":true,"href":"https:\/\/marneantic.com\/index.php\/wp-json\/wp\/v2\/product_tag?post=16055"}],"curies":[{"name":"wp","href":"https:\/\/api.w.org\/{rel}","templated":true}]}}