{"id":16107,"date":"2022-02-14T16:06:55","date_gmt":"2022-02-14T15:06:55","guid":{"rendered":"https:\/\/marneantic.com\/?post_type=product&#038;p=16107"},"modified":"2022-02-14T17:32:08","modified_gmt":"2022-02-14T16:32:08","slug":"service-de-table-a-condiments-ancien","status":"publish","type":"product","link":"https:\/\/marneantic.com\/index.php\/produit\/service-de-table-a-condiments-ancien\/","title":{"rendered":"Service de table \u00e0 condiments ancien"},"content":{"rendered":"","protected":false},"excerpt":{"rendered":"<p><span style=\"font-size: large;\">Service de table \u00e0 condiments ancien,complet en tr\u00e8s bon \u00e9tat,support en m\u00e9tal argent\u00e9 et pi\u00e8ces de forme en verre, cuill\u00e8re a moutarde en m\u00e9tal argent\u00e9<br \/>\n<\/span><\/p>\n<div><span style=\"color: #666666; font-family: Open Sans, Arial, sans-serif; font-size: large;\">diam\u00e8tre\u00a0de l&rsquo;ensemble:18.5cm<\/span><\/div>\n<div><span style=\"font-size: large;\">hauteur totale aux bouchons:28cm<\/span><\/div>\n","protected":false},"featured_media":16111,"comment_status":"closed","ping_status":"closed","template":"","meta":{"_et_pb_use_builder":"","_et_pb_old_content":"","_et_gb_content_width":""},"product_cat":[13,10],"product_tag":[],"_links":{"self":[{"href":"https:\/\/marneantic.com\/index.php\/wp-json\/wp\/v2\/product\/16107"}],"collection":[{"href":"https:\/\/marneantic.com\/index.php\/wp-json\/wp\/v2\/product"}],"about":[{"href":"https:\/\/marneantic.com\/index.php\/wp-json\/wp\/v2\/types\/product"}],"replies":[{"embeddable":true,"href":"https:\/\/marneantic.com\/index.php\/wp-json\/wp\/v2\/comments?post=16107"}],"wp:featuredmedia":[{"embeddable":true,"href":"https:\/\/marneantic.com\/index.php\/wp-json\/wp\/v2\/media\/16111"}],"wp:attachment":[{"href":"https:\/\/marneantic.com\/index.php\/wp-json\/wp\/v2\/media?parent=16107"}],"wp:term":[{"taxonomy":"product_cat","embeddable":true,"href":"https:\/\/marneantic.com\/index.php\/wp-json\/wp\/v2\/product_cat?post=16107"},{"taxonomy":"product_tag","embeddable":true,"href":"https:\/\/marneantic.com\/index.php\/wp-json\/wp\/v2\/product_tag?post=16107"}],"curies":[{"name":"wp","href":"https:\/\/api.w.org\/{rel}","templated":true}]}}