{"id":16138,"date":"2022-02-16T13:22:17","date_gmt":"2022-02-16T12:22:17","guid":{"rendered":"https:\/\/marneantic.com\/?post_type=product&#038;p=16138"},"modified":"2022-02-16T13:24:46","modified_gmt":"2022-02-16T12:24:46","slug":"lampe-de-bureau-italienne-vintage-gamma-lux","status":"publish","type":"product","link":"https:\/\/marneantic.com\/index.php\/produit\/lampe-de-bureau-italienne-vintage-gamma-lux\/","title":{"rendered":"Lampe de bureau italienne vintage GAMMA LUX"},"content":{"rendered":"","protected":false},"excerpt":{"rendered":"<p dir=\"ltr\">Lampe de bureau orientable sur Potence chrom\u00e9e,bel \u00e9tat,quelques traces d&rsquo;usage,Base chrom\u00e9e,marque:GAMMA LUX<\/p>\n<p dir=\"ltr\">Ampoule a vis gros culot,Hauteur de la potence avec sa base : 52 cm,Diametre de la base : 18 cm,Diametre du spot : 14.5 cm<\/p>\n<p dir=\"ltr\">Bon \u00e9tat,fournie avec ampoule<\/p>\n","protected":false},"featured_media":16142,"comment_status":"closed","ping_status":"closed","template":"","meta":{"_et_pb_use_builder":"","_et_pb_old_content":"","_et_gb_content_width":""},"product_cat":[24,16],"product_tag":[],"_links":{"self":[{"href":"https:\/\/marneantic.com\/index.php\/wp-json\/wp\/v2\/product\/16138"}],"collection":[{"href":"https:\/\/marneantic.com\/index.php\/wp-json\/wp\/v2\/product"}],"about":[{"href":"https:\/\/marneantic.com\/index.php\/wp-json\/wp\/v2\/types\/product"}],"replies":[{"embeddable":true,"href":"https:\/\/marneantic.com\/index.php\/wp-json\/wp\/v2\/comments?post=16138"}],"wp:featuredmedia":[{"embeddable":true,"href":"https:\/\/marneantic.com\/index.php\/wp-json\/wp\/v2\/media\/16142"}],"wp:attachment":[{"href":"https:\/\/marneantic.com\/index.php\/wp-json\/wp\/v2\/media?parent=16138"}],"wp:term":[{"taxonomy":"product_cat","embeddable":true,"href":"https:\/\/marneantic.com\/index.php\/wp-json\/wp\/v2\/product_cat?post=16138"},{"taxonomy":"product_tag","embeddable":true,"href":"https:\/\/marneantic.com\/index.php\/wp-json\/wp\/v2\/product_tag?post=16138"}],"curies":[{"name":"wp","href":"https:\/\/api.w.org\/{rel}","templated":true}]}}