{"id":16240,"date":"2022-02-27T17:33:04","date_gmt":"2022-02-27T16:33:04","guid":{"rendered":"https:\/\/marneantic.com\/?post_type=product&#038;p=16240"},"modified":"2022-02-27T17:43:03","modified_gmt":"2022-02-27T16:43:03","slug":"service-a-decouper-ancien-cornemetal-argente-et-acieren-ecrin","status":"publish","type":"product","link":"https:\/\/marneantic.com\/index.php\/produit\/service-a-decouper-ancien-cornemetal-argente-et-acieren-ecrin\/","title":{"rendered":"Service a d\u00e9couper ancien corne,m\u00e9tal argent\u00e9 et acier,en \u00e9crin"},"content":{"rendered":"","protected":false},"excerpt":{"rendered":"<p>Service a d\u00e9couper ancien,manche en corne,lames acier(E.POT&amp;cie Paris) cuill\u00e8re a sauce en m\u00e9tal argent\u00e9 cisel\u00e9e,longueur couteau:30.5cm et 24.5cm fourchette,en bon \u00e9tat,pr\u00e9sence de petites taches sur l&rsquo;acier des lames,\u00e9crin en bon \u00e9tat avec traces d&rsquo;usage<\/p>\n","protected":false},"featured_media":16242,"comment_status":"closed","ping_status":"closed","template":"","meta":{"_et_pb_use_builder":"","_et_pb_old_content":"","_et_gb_content_width":""},"product_cat":[10,29],"product_tag":[],"_links":{"self":[{"href":"https:\/\/marneantic.com\/index.php\/wp-json\/wp\/v2\/product\/16240"}],"collection":[{"href":"https:\/\/marneantic.com\/index.php\/wp-json\/wp\/v2\/product"}],"about":[{"href":"https:\/\/marneantic.com\/index.php\/wp-json\/wp\/v2\/types\/product"}],"replies":[{"embeddable":true,"href":"https:\/\/marneantic.com\/index.php\/wp-json\/wp\/v2\/comments?post=16240"}],"wp:featuredmedia":[{"embeddable":true,"href":"https:\/\/marneantic.com\/index.php\/wp-json\/wp\/v2\/media\/16242"}],"wp:attachment":[{"href":"https:\/\/marneantic.com\/index.php\/wp-json\/wp\/v2\/media?parent=16240"}],"wp:term":[{"taxonomy":"product_cat","embeddable":true,"href":"https:\/\/marneantic.com\/index.php\/wp-json\/wp\/v2\/product_cat?post=16240"},{"taxonomy":"product_tag","embeddable":true,"href":"https:\/\/marneantic.com\/index.php\/wp-json\/wp\/v2\/product_tag?post=16240"}],"curies":[{"name":"wp","href":"https:\/\/api.w.org\/{rel}","templated":true}]}}