{"id":16304,"date":"2022-03-02T14:54:20","date_gmt":"2022-03-02T13:54:20","guid":{"rendered":"https:\/\/marneantic.com\/?post_type=product&#038;p=16304"},"modified":"2022-03-02T15:03:11","modified_gmt":"2022-03-02T14:03:11","slug":"st-louisverre-a-cognac-ancien-en-cristal","status":"publish","type":"product","link":"https:\/\/marneantic.com\/index.php\/produit\/st-louisverre-a-cognac-ancien-en-cristal\/","title":{"rendered":"ST LOUIS:verre a cognac ancien en cristal"},"content":{"rendered":"<p>5<\/p>\n","protected":false},"excerpt":{"rendered":"<p>ST LOUIS:verre a cognac ancien en cristal,en tr\u00e8s bon \u00e9tat,hauteur:11.5cm,diam\u00e8tre du buvant:5.7cm,diametre du contenant:9cm,diam\u00e8tre du pied:7cm,estampill\u00e9 au dessous<\/p>\n","protected":false},"featured_media":16305,"comment_status":"closed","ping_status":"closed","template":"","meta":{"_et_pb_use_builder":"","_et_pb_old_content":"","_et_gb_content_width":""},"product_cat":[10,11],"product_tag":[],"_links":{"self":[{"href":"https:\/\/marneantic.com\/index.php\/wp-json\/wp\/v2\/product\/16304"}],"collection":[{"href":"https:\/\/marneantic.com\/index.php\/wp-json\/wp\/v2\/product"}],"about":[{"href":"https:\/\/marneantic.com\/index.php\/wp-json\/wp\/v2\/types\/product"}],"replies":[{"embeddable":true,"href":"https:\/\/marneantic.com\/index.php\/wp-json\/wp\/v2\/comments?post=16304"}],"wp:featuredmedia":[{"embeddable":true,"href":"https:\/\/marneantic.com\/index.php\/wp-json\/wp\/v2\/media\/16305"}],"wp:attachment":[{"href":"https:\/\/marneantic.com\/index.php\/wp-json\/wp\/v2\/media?parent=16304"}],"wp:term":[{"taxonomy":"product_cat","embeddable":true,"href":"https:\/\/marneantic.com\/index.php\/wp-json\/wp\/v2\/product_cat?post=16304"},{"taxonomy":"product_tag","embeddable":true,"href":"https:\/\/marneantic.com\/index.php\/wp-json\/wp\/v2\/product_tag?post=16304"}],"curies":[{"name":"wp","href":"https:\/\/api.w.org\/{rel}","templated":true}]}}