{"id":16355,"date":"2022-03-08T15:08:26","date_gmt":"2022-03-08T14:08:26","guid":{"rendered":"https:\/\/marneantic.com\/?post_type=product&#038;p=16355"},"modified":"2022-03-08T15:15:09","modified_gmt":"2022-03-08T14:15:09","slug":"tasse-a-the-ancienne-en-porcelaine-de-baviere-winterling","status":"publish","type":"product","link":"https:\/\/marneantic.com\/index.php\/produit\/tasse-a-the-ancienne-en-porcelaine-de-baviere-winterling\/","title":{"rendered":"Tasse a th\u00e9 ancienne en porcelaine de Bavi\u00e8re-Winterling"},"content":{"rendered":"","protected":false},"excerpt":{"rendered":"<p>Tasse a th\u00e9 ancienne en porcelaine de Bavi\u00e8re-Winterling, en bon \u00e9tat, tasse hauteur:6cm,diametre:10.7cm,diam\u00e8tre soucoupe:15.3cm<\/p>\n","protected":false},"featured_media":16356,"comment_status":"closed","ping_status":"closed","template":"","meta":{"_et_pb_use_builder":"","_et_pb_old_content":"","_et_gb_content_width":""},"product_cat":[26,7],"product_tag":[],"_links":{"self":[{"href":"https:\/\/marneantic.com\/index.php\/wp-json\/wp\/v2\/product\/16355"}],"collection":[{"href":"https:\/\/marneantic.com\/index.php\/wp-json\/wp\/v2\/product"}],"about":[{"href":"https:\/\/marneantic.com\/index.php\/wp-json\/wp\/v2\/types\/product"}],"replies":[{"embeddable":true,"href":"https:\/\/marneantic.com\/index.php\/wp-json\/wp\/v2\/comments?post=16355"}],"wp:featuredmedia":[{"embeddable":true,"href":"https:\/\/marneantic.com\/index.php\/wp-json\/wp\/v2\/media\/16356"}],"wp:attachment":[{"href":"https:\/\/marneantic.com\/index.php\/wp-json\/wp\/v2\/media?parent=16355"}],"wp:term":[{"taxonomy":"product_cat","embeddable":true,"href":"https:\/\/marneantic.com\/index.php\/wp-json\/wp\/v2\/product_cat?post=16355"},{"taxonomy":"product_tag","embeddable":true,"href":"https:\/\/marneantic.com\/index.php\/wp-json\/wp\/v2\/product_tag?post=16355"}],"curies":[{"name":"wp","href":"https:\/\/api.w.org\/{rel}","templated":true}]}}