{"id":16406,"date":"2022-03-21T13:44:10","date_gmt":"2022-03-21T12:44:10","guid":{"rendered":"https:\/\/marneantic.com\/?post_type=product&#038;p=16406"},"modified":"2022-03-21T13:59:59","modified_gmt":"2022-03-21T12:59:59","slug":"tasse-the-ancienne-en-porcelaine-de-limoges-haviland","status":"publish","type":"product","link":"https:\/\/marneantic.com\/index.php\/produit\/tasse-the-ancienne-en-porcelaine-de-limoges-haviland\/","title":{"rendered":"Tasse th\u00e9 ancienne en porcelaine de Limoges Haviland"},"content":{"rendered":"","protected":false},"excerpt":{"rendered":"<p><span style=\"font-size: large;\"><span style=\"font-family: Arial;\">tasse et sous-tasse a th\u00e9 ancienne en porcelaine de Limoges,manufacture Haviland(tampon surcharg\u00e9),en tr\u00e8s bon \u00e9tat<\/span><\/span><\/p>\n<div><span style=\"font-size: large;\"><span style=\"font-family: Arial;\">hauteur:5.3cm<\/span><\/span><\/div>\n<div><span style=\"font-size: large;\"><span style=\"font-family: Arial;\">diametre:8cm<\/span><\/span><\/div>\n<div><span style=\"font-size: large;\"><span style=\"font-family: Arial;\">diam\u00e8tre:<\/span><span style=\"font-family: Arial;\">soucoupe:14.8cm<\/span><\/span><\/div>\n","protected":false},"featured_media":16407,"comment_status":"closed","ping_status":"closed","template":"","meta":{"_et_pb_use_builder":"","_et_pb_old_content":"","_et_gb_content_width":""},"product_cat":[44,26,7],"product_tag":[],"_links":{"self":[{"href":"https:\/\/marneantic.com\/index.php\/wp-json\/wp\/v2\/product\/16406"}],"collection":[{"href":"https:\/\/marneantic.com\/index.php\/wp-json\/wp\/v2\/product"}],"about":[{"href":"https:\/\/marneantic.com\/index.php\/wp-json\/wp\/v2\/types\/product"}],"replies":[{"embeddable":true,"href":"https:\/\/marneantic.com\/index.php\/wp-json\/wp\/v2\/comments?post=16406"}],"wp:featuredmedia":[{"embeddable":true,"href":"https:\/\/marneantic.com\/index.php\/wp-json\/wp\/v2\/media\/16407"}],"wp:attachment":[{"href":"https:\/\/marneantic.com\/index.php\/wp-json\/wp\/v2\/media?parent=16406"}],"wp:term":[{"taxonomy":"product_cat","embeddable":true,"href":"https:\/\/marneantic.com\/index.php\/wp-json\/wp\/v2\/product_cat?post=16406"},{"taxonomy":"product_tag","embeddable":true,"href":"https:\/\/marneantic.com\/index.php\/wp-json\/wp\/v2\/product_tag?post=16406"}],"curies":[{"name":"wp","href":"https:\/\/api.w.org\/{rel}","templated":true}]}}