{"id":16423,"date":"2022-03-21T15:12:34","date_gmt":"2022-03-21T14:12:34","guid":{"rendered":"https:\/\/marneantic.com\/?post_type=product&#038;p=16423"},"modified":"2023-07-20T13:48:23","modified_gmt":"2023-07-20T12:48:23","slug":"sauciere-ancienne-en-faience","status":"publish","type":"product","link":"https:\/\/marneantic.com\/index.php\/produit\/sauciere-ancienne-en-faience\/","title":{"rendered":"Sauci\u00e8re ancienne en fa\u00efence"},"content":{"rendered":"","protected":false},"excerpt":{"rendered":"<p>Sauci\u00e8re monobloc ancienne en fa\u00efence, en tr\u00e8s bon \u00e9tat,longueur:24.5cm,largeur:14.5cm,hauteur:9.5cm,aucune marque de fabrique<\/p>\n","protected":false},"featured_media":16424,"comment_status":"open","ping_status":"closed","template":"","meta":{"_et_pb_use_builder":"","_et_pb_old_content":"","_et_gb_content_width":""},"product_cat":[13,10,28,7],"product_tag":[],"_links":{"self":[{"href":"https:\/\/marneantic.com\/index.php\/wp-json\/wp\/v2\/product\/16423"}],"collection":[{"href":"https:\/\/marneantic.com\/index.php\/wp-json\/wp\/v2\/product"}],"about":[{"href":"https:\/\/marneantic.com\/index.php\/wp-json\/wp\/v2\/types\/product"}],"replies":[{"embeddable":true,"href":"https:\/\/marneantic.com\/index.php\/wp-json\/wp\/v2\/comments?post=16423"}],"wp:featuredmedia":[{"embeddable":true,"href":"https:\/\/marneantic.com\/index.php\/wp-json\/wp\/v2\/media\/16424"}],"wp:attachment":[{"href":"https:\/\/marneantic.com\/index.php\/wp-json\/wp\/v2\/media?parent=16423"}],"wp:term":[{"taxonomy":"product_cat","embeddable":true,"href":"https:\/\/marneantic.com\/index.php\/wp-json\/wp\/v2\/product_cat?post=16423"},{"taxonomy":"product_tag","embeddable":true,"href":"https:\/\/marneantic.com\/index.php\/wp-json\/wp\/v2\/product_tag?post=16423"}],"curies":[{"name":"wp","href":"https:\/\/api.w.org\/{rel}","templated":true}]}}