{"id":16445,"date":"2022-03-21T17:02:34","date_gmt":"2022-03-21T16:02:34","guid":{"rendered":"https:\/\/marneantic.com\/?post_type=product&#038;p=16445"},"modified":"2022-03-21T17:10:23","modified_gmt":"2022-03-21T16:10:23","slug":"porte-savon-art-deco-ancien-en-faience-dorchies","status":"publish","type":"product","link":"https:\/\/marneantic.com\/index.php\/produit\/porte-savon-art-deco-ancien-en-faience-dorchies\/","title":{"rendered":"Porte-savon art-d\u00e9co ancien en fa\u00efence d&rsquo;ORCHIES"},"content":{"rendered":"","protected":false},"excerpt":{"rendered":"<p>Porte-savon art-d\u00e9co ancien en fa\u00efence d&rsquo;Orchies, en parfait \u00e9tat<\/p>\n<div>longueur:23cm<\/div>\n<div>largeur:9.7cm<\/div>\n<div>hauteur:3cm<\/div>\n","protected":false},"featured_media":16446,"comment_status":"closed","ping_status":"closed","template":"","meta":{"_et_pb_use_builder":"","_et_pb_old_content":"","_et_gb_content_width":""},"product_cat":[44,8],"product_tag":[],"_links":{"self":[{"href":"https:\/\/marneantic.com\/index.php\/wp-json\/wp\/v2\/product\/16445"}],"collection":[{"href":"https:\/\/marneantic.com\/index.php\/wp-json\/wp\/v2\/product"}],"about":[{"href":"https:\/\/marneantic.com\/index.php\/wp-json\/wp\/v2\/types\/product"}],"replies":[{"embeddable":true,"href":"https:\/\/marneantic.com\/index.php\/wp-json\/wp\/v2\/comments?post=16445"}],"wp:featuredmedia":[{"embeddable":true,"href":"https:\/\/marneantic.com\/index.php\/wp-json\/wp\/v2\/media\/16446"}],"wp:attachment":[{"href":"https:\/\/marneantic.com\/index.php\/wp-json\/wp\/v2\/media?parent=16445"}],"wp:term":[{"taxonomy":"product_cat","embeddable":true,"href":"https:\/\/marneantic.com\/index.php\/wp-json\/wp\/v2\/product_cat?post=16445"},{"taxonomy":"product_tag","embeddable":true,"href":"https:\/\/marneantic.com\/index.php\/wp-json\/wp\/v2\/product_tag?post=16445"}],"curies":[{"name":"wp","href":"https:\/\/api.w.org\/{rel}","templated":true}]}}