{"id":16564,"date":"2022-04-05T14:32:41","date_gmt":"2022-04-05T13:32:41","guid":{"rendered":"https:\/\/marneantic.com\/?post_type=product&#038;p=16564"},"modified":"2022-04-05T14:37:08","modified_gmt":"2022-04-05T13:37:08","slug":"pelle-a-gateau-anciennemanche-argent-en-ecrin-2","status":"publish","type":"product","link":"https:\/\/marneantic.com\/index.php\/produit\/pelle-a-gateau-anciennemanche-argent-en-ecrin-2\/","title":{"rendered":"Pelle a g\u00e2teau ancienne,manche argent en \u00e9crin"},"content":{"rendered":"","protected":false},"excerpt":{"rendered":"<p>pelle a g\u00e2teau ancienne,manche en argent,poin\u00e7on minerve et pelle en m\u00e9tal dor\u00e9,en tr\u00e8s bon \u00e9tat,longueur:25.3cm,\u00e9crin en bon \u00e9tat \u00e9galement<\/p>\n","protected":false},"featured_media":16566,"comment_status":"open","ping_status":"closed","template":"","meta":{"_et_pb_use_builder":"","_et_pb_old_content":"","_et_gb_content_width":""},"product_cat":[12,10,29],"product_tag":[],"_links":{"self":[{"href":"https:\/\/marneantic.com\/index.php\/wp-json\/wp\/v2\/product\/16564"}],"collection":[{"href":"https:\/\/marneantic.com\/index.php\/wp-json\/wp\/v2\/product"}],"about":[{"href":"https:\/\/marneantic.com\/index.php\/wp-json\/wp\/v2\/types\/product"}],"replies":[{"embeddable":true,"href":"https:\/\/marneantic.com\/index.php\/wp-json\/wp\/v2\/comments?post=16564"}],"wp:featuredmedia":[{"embeddable":true,"href":"https:\/\/marneantic.com\/index.php\/wp-json\/wp\/v2\/media\/16566"}],"wp:attachment":[{"href":"https:\/\/marneantic.com\/index.php\/wp-json\/wp\/v2\/media?parent=16564"}],"wp:term":[{"taxonomy":"product_cat","embeddable":true,"href":"https:\/\/marneantic.com\/index.php\/wp-json\/wp\/v2\/product_cat?post=16564"},{"taxonomy":"product_tag","embeddable":true,"href":"https:\/\/marneantic.com\/index.php\/wp-json\/wp\/v2\/product_tag?post=16564"}],"curies":[{"name":"wp","href":"https:\/\/api.w.org\/{rel}","templated":true}]}}