{"id":16604,"date":"2022-04-12T16:16:39","date_gmt":"2022-04-12T15:16:39","guid":{"rendered":"https:\/\/marneantic.com\/?post_type=product&#038;p=16604"},"modified":"2022-04-12T16:21:43","modified_gmt":"2022-04-12T15:21:43","slug":"12-fourchettes-a-dessert-anciennes-en-metal-argente","status":"publish","type":"product","link":"https:\/\/marneantic.com\/index.php\/produit\/12-fourchettes-a-dessert-anciennes-en-metal-argente\/","title":{"rendered":"12 fourchettes a dessert anciennes en m\u00e9tal argent\u00e9"},"content":{"rendered":"","protected":false},"excerpt":{"rendered":"<p>12 fourchettes a dessert anciennes en m\u00e9tal argent\u00e9 poin\u00e7onn\u00e9, orf\u00e8vrerie Fran\u00e7ois FRIONNET, en tr\u00e8s bon \u00e9tat,longueur:15cm<\/p>\n","protected":false},"featured_media":16605,"comment_status":"closed","ping_status":"closed","template":"","meta":{"_et_pb_use_builder":"","_et_pb_old_content":"","_et_gb_content_width":""},"product_cat":[12,10,29],"product_tag":[],"_links":{"self":[{"href":"https:\/\/marneantic.com\/index.php\/wp-json\/wp\/v2\/product\/16604"}],"collection":[{"href":"https:\/\/marneantic.com\/index.php\/wp-json\/wp\/v2\/product"}],"about":[{"href":"https:\/\/marneantic.com\/index.php\/wp-json\/wp\/v2\/types\/product"}],"replies":[{"embeddable":true,"href":"https:\/\/marneantic.com\/index.php\/wp-json\/wp\/v2\/comments?post=16604"}],"wp:featuredmedia":[{"embeddable":true,"href":"https:\/\/marneantic.com\/index.php\/wp-json\/wp\/v2\/media\/16605"}],"wp:attachment":[{"href":"https:\/\/marneantic.com\/index.php\/wp-json\/wp\/v2\/media?parent=16604"}],"wp:term":[{"taxonomy":"product_cat","embeddable":true,"href":"https:\/\/marneantic.com\/index.php\/wp-json\/wp\/v2\/product_cat?post=16604"},{"taxonomy":"product_tag","embeddable":true,"href":"https:\/\/marneantic.com\/index.php\/wp-json\/wp\/v2\/product_tag?post=16604"}],"curies":[{"name":"wp","href":"https:\/\/api.w.org\/{rel}","templated":true}]}}