{"id":1665,"date":"2016-06-02T13:57:45","date_gmt":"2016-06-02T12:57:45","guid":{"rendered":"http:\/\/marneantic.com\/index.php\/produit\/service-a-decouper-ancien-en-metal-argente-et-aciermonogramme\/"},"modified":"2019-07-09T13:57:00","modified_gmt":"2019-07-09T12:57:00","slug":"service-a-decouper-ancien-en-metal-argente-et-aciermonogramme","status":"publish","type":"product","link":"https:\/\/marneantic.com\/index.php\/produit\/service-a-decouper-ancien-en-metal-argente-et-aciermonogramme\/","title":{"rendered":"Service a d\u00e9couper ancien en m\u00e9tal argent\u00e9 et acier,monogramm\u00e9"},"content":{"rendered":"","protected":false},"excerpt":{"rendered":"<p>Service a d\u00e9couper ancien monogramm\u00e9 FE en m\u00e9tal argent\u00e9 et lames acier marqu\u00e9es\u00a0\u00bbA.FRENAIS paris\u00a0\u00bb,longueur:32.5 et 28cm,en \u00e9crin d&rsquo;origine<\/p>\n","protected":false},"featured_media":1666,"comment_status":"closed","ping_status":"closed","template":"","meta":{"_et_pb_use_builder":"","_et_pb_old_content":"","_et_gb_content_width":""},"product_cat":[12,10,29],"product_tag":[],"_links":{"self":[{"href":"https:\/\/marneantic.com\/index.php\/wp-json\/wp\/v2\/product\/1665"}],"collection":[{"href":"https:\/\/marneantic.com\/index.php\/wp-json\/wp\/v2\/product"}],"about":[{"href":"https:\/\/marneantic.com\/index.php\/wp-json\/wp\/v2\/types\/product"}],"replies":[{"embeddable":true,"href":"https:\/\/marneantic.com\/index.php\/wp-json\/wp\/v2\/comments?post=1665"}],"wp:featuredmedia":[{"embeddable":true,"href":"https:\/\/marneantic.com\/index.php\/wp-json\/wp\/v2\/media\/1666"}],"wp:attachment":[{"href":"https:\/\/marneantic.com\/index.php\/wp-json\/wp\/v2\/media?parent=1665"}],"wp:term":[{"taxonomy":"product_cat","embeddable":true,"href":"https:\/\/marneantic.com\/index.php\/wp-json\/wp\/v2\/product_cat?post=1665"},{"taxonomy":"product_tag","embeddable":true,"href":"https:\/\/marneantic.com\/index.php\/wp-json\/wp\/v2\/product_tag?post=1665"}],"curies":[{"name":"wp","href":"https:\/\/api.w.org\/{rel}","templated":true}]}}