{"id":16804,"date":"2022-05-05T13:54:18","date_gmt":"2022-05-05T12:54:18","guid":{"rendered":"https:\/\/marneantic.com\/?post_type=product&#038;p=16804"},"modified":"2022-05-05T14:01:48","modified_gmt":"2022-05-05T13:01:48","slug":"taie-doreiller-ancienne-brodee-et-monogrammee-en-coton-70x70cm","status":"publish","type":"product","link":"https:\/\/marneantic.com\/index.php\/produit\/taie-doreiller-ancienne-brodee-et-monogrammee-en-coton-70x70cm\/","title":{"rendered":"Taie d&rsquo;oreiller ancienne brod\u00e9e et monogramm\u00e9e en coton :70x70cm"},"content":{"rendered":"","protected":false},"excerpt":{"rendered":"<p>Taie d&rsquo;oreiller ancienne en coton brod\u00e9 et monogramm\u00e9 TR :dimension totale 70x70cm,en tr\u00e8s bon \u00e9tat<br \/>\nlinge v\u00e9rifi\u00e9,lav\u00e9 et repass\u00e9<\/p>\n","protected":false},"featured_media":16805,"comment_status":"open","ping_status":"closed","template":"","meta":{"_et_pb_use_builder":"","_et_pb_old_content":"","_et_gb_content_width":""},"product_cat":[33],"product_tag":[],"_links":{"self":[{"href":"https:\/\/marneantic.com\/index.php\/wp-json\/wp\/v2\/product\/16804"}],"collection":[{"href":"https:\/\/marneantic.com\/index.php\/wp-json\/wp\/v2\/product"}],"about":[{"href":"https:\/\/marneantic.com\/index.php\/wp-json\/wp\/v2\/types\/product"}],"replies":[{"embeddable":true,"href":"https:\/\/marneantic.com\/index.php\/wp-json\/wp\/v2\/comments?post=16804"}],"wp:featuredmedia":[{"embeddable":true,"href":"https:\/\/marneantic.com\/index.php\/wp-json\/wp\/v2\/media\/16805"}],"wp:attachment":[{"href":"https:\/\/marneantic.com\/index.php\/wp-json\/wp\/v2\/media?parent=16804"}],"wp:term":[{"taxonomy":"product_cat","embeddable":true,"href":"https:\/\/marneantic.com\/index.php\/wp-json\/wp\/v2\/product_cat?post=16804"},{"taxonomy":"product_tag","embeddable":true,"href":"https:\/\/marneantic.com\/index.php\/wp-json\/wp\/v2\/product_tag?post=16804"}],"curies":[{"name":"wp","href":"https:\/\/api.w.org\/{rel}","templated":true}]}}