{"id":16964,"date":"2022-06-03T14:46:44","date_gmt":"2022-06-03T13:46:44","guid":{"rendered":"https:\/\/marneantic.com\/?post_type=product&#038;p=16964"},"modified":"2022-06-03T14:53:06","modified_gmt":"2022-06-03T13:53:06","slug":"dessous-de-bouteille-vintage-en-ceramique","status":"publish","type":"product","link":"https:\/\/marneantic.com\/index.php\/produit\/dessous-de-bouteille-vintage-en-ceramique\/","title":{"rendered":"Dessous de bouteille vintage en c\u00e9ramique"},"content":{"rendered":"","protected":false},"excerpt":{"rendered":"<p>Dessous de bouteille vintage en c\u00e9ramique, en tr\u00e8s bon \u00e9tat, aucune marque de fabrique<\/p>\n<div>cot\u00e9s:12cm<\/div>\n<div>hauteur:1.5cm<\/div>\n","protected":false},"featured_media":16965,"comment_status":"closed","ping_status":"closed","template":"","meta":{"_et_pb_use_builder":"","_et_pb_old_content":"","_et_gb_content_width":""},"product_cat":[13,10,16],"product_tag":[],"_links":{"self":[{"href":"https:\/\/marneantic.com\/index.php\/wp-json\/wp\/v2\/product\/16964"}],"collection":[{"href":"https:\/\/marneantic.com\/index.php\/wp-json\/wp\/v2\/product"}],"about":[{"href":"https:\/\/marneantic.com\/index.php\/wp-json\/wp\/v2\/types\/product"}],"replies":[{"embeddable":true,"href":"https:\/\/marneantic.com\/index.php\/wp-json\/wp\/v2\/comments?post=16964"}],"wp:featuredmedia":[{"embeddable":true,"href":"https:\/\/marneantic.com\/index.php\/wp-json\/wp\/v2\/media\/16965"}],"wp:attachment":[{"href":"https:\/\/marneantic.com\/index.php\/wp-json\/wp\/v2\/media?parent=16964"}],"wp:term":[{"taxonomy":"product_cat","embeddable":true,"href":"https:\/\/marneantic.com\/index.php\/wp-json\/wp\/v2\/product_cat?post=16964"},{"taxonomy":"product_tag","embeddable":true,"href":"https:\/\/marneantic.com\/index.php\/wp-json\/wp\/v2\/product_tag?post=16964"}],"curies":[{"name":"wp","href":"https:\/\/api.w.org\/{rel}","templated":true}]}}