{"id":17094,"date":"2022-06-16T14:32:48","date_gmt":"2022-06-16T13:32:48","guid":{"rendered":"https:\/\/marneantic.com\/?post_type=product&#038;p=17094"},"modified":"2022-06-16T14:32:48","modified_gmt":"2022-06-16T13:32:48","slug":"boite-a-plumes-porte-plumes-nap-iii-decor-de-roses","status":"publish","type":"product","link":"https:\/\/marneantic.com\/index.php\/produit\/boite-a-plumes-porte-plumes-nap-iii-decor-de-roses\/","title":{"rendered":"Boite a plumes\/porte plumes nap III, d\u00e9cor de roses"},"content":{"rendered":"","protected":false},"excerpt":{"rendered":"<p>Boite a plumes\/porte plumes nap III en papier mach\u00e9 a d\u00e9cor de roses,3 compartiments, bon \u00e9tat, traces d&rsquo;usages, longueur:22cm, largeur:10cm, hauteur:3cm<\/p>\n","protected":false},"featured_media":17095,"comment_status":"open","ping_status":"closed","template":"","meta":{"_et_pb_use_builder":"","_et_pb_old_content":"","_et_gb_content_width":""},"product_cat":[14],"product_tag":[],"_links":{"self":[{"href":"https:\/\/marneantic.com\/index.php\/wp-json\/wp\/v2\/product\/17094"}],"collection":[{"href":"https:\/\/marneantic.com\/index.php\/wp-json\/wp\/v2\/product"}],"about":[{"href":"https:\/\/marneantic.com\/index.php\/wp-json\/wp\/v2\/types\/product"}],"replies":[{"embeddable":true,"href":"https:\/\/marneantic.com\/index.php\/wp-json\/wp\/v2\/comments?post=17094"}],"wp:featuredmedia":[{"embeddable":true,"href":"https:\/\/marneantic.com\/index.php\/wp-json\/wp\/v2\/media\/17095"}],"wp:attachment":[{"href":"https:\/\/marneantic.com\/index.php\/wp-json\/wp\/v2\/media?parent=17094"}],"wp:term":[{"taxonomy":"product_cat","embeddable":true,"href":"https:\/\/marneantic.com\/index.php\/wp-json\/wp\/v2\/product_cat?post=17094"},{"taxonomy":"product_tag","embeddable":true,"href":"https:\/\/marneantic.com\/index.php\/wp-json\/wp\/v2\/product_tag?post=17094"}],"curies":[{"name":"wp","href":"https:\/\/api.w.org\/{rel}","templated":true}]}}