{"id":17114,"date":"2022-06-17T14:50:33","date_gmt":"2022-06-17T13:50:33","guid":{"rendered":"https:\/\/marneantic.com\/?post_type=product&#038;p=17114"},"modified":"2022-06-17T14:58:04","modified_gmt":"2022-06-17T13:58:04","slug":"pichet-a-lait-en-faience-de-sarreguemines-lancaster","status":"publish","type":"product","link":"https:\/\/marneantic.com\/index.php\/produit\/pichet-a-lait-en-faience-de-sarreguemines-lancaster\/","title":{"rendered":"Pichet a lait en fa\u00efence de Sarreguemines-Lancaster"},"content":{"rendered":"","protected":false},"excerpt":{"rendered":"<p>Pichet a lait en fa\u00efence de Sarreguemines- mod\u00e8le Lancaster, en tr\u00e8s bon \u00e9tat,hauteur:15.5cm, diametre:11cm hors poign\u00e9e et bec<\/p>\n","protected":false},"featured_media":17116,"comment_status":"open","ping_status":"closed","template":"","meta":{"_et_pb_use_builder":"","_et_pb_old_content":"","_et_gb_content_width":""},"product_cat":[26,7],"product_tag":[],"_links":{"self":[{"href":"https:\/\/marneantic.com\/index.php\/wp-json\/wp\/v2\/product\/17114"}],"collection":[{"href":"https:\/\/marneantic.com\/index.php\/wp-json\/wp\/v2\/product"}],"about":[{"href":"https:\/\/marneantic.com\/index.php\/wp-json\/wp\/v2\/types\/product"}],"replies":[{"embeddable":true,"href":"https:\/\/marneantic.com\/index.php\/wp-json\/wp\/v2\/comments?post=17114"}],"wp:featuredmedia":[{"embeddable":true,"href":"https:\/\/marneantic.com\/index.php\/wp-json\/wp\/v2\/media\/17116"}],"wp:attachment":[{"href":"https:\/\/marneantic.com\/index.php\/wp-json\/wp\/v2\/media?parent=17114"}],"wp:term":[{"taxonomy":"product_cat","embeddable":true,"href":"https:\/\/marneantic.com\/index.php\/wp-json\/wp\/v2\/product_cat?post=17114"},{"taxonomy":"product_tag","embeddable":true,"href":"https:\/\/marneantic.com\/index.php\/wp-json\/wp\/v2\/product_tag?post=17114"}],"curies":[{"name":"wp","href":"https:\/\/api.w.org\/{rel}","templated":true}]}}