{"id":17144,"date":"2022-06-17T17:02:32","date_gmt":"2022-06-17T16:02:32","guid":{"rendered":"https:\/\/marneantic.com\/?post_type=product&#038;p=17144"},"modified":"2022-06-17T17:12:45","modified_gmt":"2022-06-17T16:12:45","slug":"petit-plat-ancien-art-nouveau-en-faience-de-villeroybochmodele-milla","status":"publish","type":"product","link":"https:\/\/marneantic.com\/index.php\/produit\/petit-plat-ancien-art-nouveau-en-faience-de-villeroybochmodele-milla\/","title":{"rendered":"Petit plat ancien art-nouveau en fa\u00efence de Villeroy&#038;Boch,mod\u00e8le Milla"},"content":{"rendered":"","protected":false},"excerpt":{"rendered":"<p>Petit plat ancien art-nouveau en fa\u00efence de Villeroy&amp;Boch,mod\u00e8le Milla aux chardons en tr\u00e8s bon \u00e9tat<\/p>\n<div>longueur:27cm<\/div>\n<div>largeur:16cm<\/div>\n","protected":false},"featured_media":17145,"comment_status":"closed","ping_status":"closed","template":"","meta":{"_et_pb_use_builder":"","_et_pb_old_content":"","_et_gb_content_width":""},"product_cat":[28,7],"product_tag":[],"_links":{"self":[{"href":"https:\/\/marneantic.com\/index.php\/wp-json\/wp\/v2\/product\/17144"}],"collection":[{"href":"https:\/\/marneantic.com\/index.php\/wp-json\/wp\/v2\/product"}],"about":[{"href":"https:\/\/marneantic.com\/index.php\/wp-json\/wp\/v2\/types\/product"}],"replies":[{"embeddable":true,"href":"https:\/\/marneantic.com\/index.php\/wp-json\/wp\/v2\/comments?post=17144"}],"wp:featuredmedia":[{"embeddable":true,"href":"https:\/\/marneantic.com\/index.php\/wp-json\/wp\/v2\/media\/17145"}],"wp:attachment":[{"href":"https:\/\/marneantic.com\/index.php\/wp-json\/wp\/v2\/media?parent=17144"}],"wp:term":[{"taxonomy":"product_cat","embeddable":true,"href":"https:\/\/marneantic.com\/index.php\/wp-json\/wp\/v2\/product_cat?post=17144"},{"taxonomy":"product_tag","embeddable":true,"href":"https:\/\/marneantic.com\/index.php\/wp-json\/wp\/v2\/product_tag?post=17144"}],"curies":[{"name":"wp","href":"https:\/\/api.w.org\/{rel}","templated":true}]}}