{"id":17191,"date":"2022-06-23T15:54:14","date_gmt":"2022-06-23T14:54:14","guid":{"rendered":"https:\/\/marneantic.com\/?post_type=product&#038;p=17191"},"modified":"2022-06-23T16:02:46","modified_gmt":"2022-06-23T15:02:46","slug":"tasse-a-moka-ancienne-en-porcelaine-de-limoges-5","status":"publish","type":"product","link":"https:\/\/marneantic.com\/index.php\/produit\/tasse-a-moka-ancienne-en-porcelaine-de-limoges-5\/","title":{"rendered":"Tasse a moka ancienne en porcelaine de limoges"},"content":{"rendered":"","protected":false},"excerpt":{"rendered":"<p>Tasse a moka ancienne en porcelaine de limoges en tr\u00e8s bon \u00e9tat, tasse hauteur:5.3cm,diametre:5.2cm,diam\u00e8tre soucoupe:11.8cm<\/p>\n","protected":false},"featured_media":17192,"comment_status":"closed","ping_status":"closed","template":"","meta":{"_et_pb_use_builder":"","_et_pb_old_content":"","_et_gb_content_width":""},"product_cat":[26,7],"product_tag":[],"_links":{"self":[{"href":"https:\/\/marneantic.com\/index.php\/wp-json\/wp\/v2\/product\/17191"}],"collection":[{"href":"https:\/\/marneantic.com\/index.php\/wp-json\/wp\/v2\/product"}],"about":[{"href":"https:\/\/marneantic.com\/index.php\/wp-json\/wp\/v2\/types\/product"}],"replies":[{"embeddable":true,"href":"https:\/\/marneantic.com\/index.php\/wp-json\/wp\/v2\/comments?post=17191"}],"wp:featuredmedia":[{"embeddable":true,"href":"https:\/\/marneantic.com\/index.php\/wp-json\/wp\/v2\/media\/17192"}],"wp:attachment":[{"href":"https:\/\/marneantic.com\/index.php\/wp-json\/wp\/v2\/media?parent=17191"}],"wp:term":[{"taxonomy":"product_cat","embeddable":true,"href":"https:\/\/marneantic.com\/index.php\/wp-json\/wp\/v2\/product_cat?post=17191"},{"taxonomy":"product_tag","embeddable":true,"href":"https:\/\/marneantic.com\/index.php\/wp-json\/wp\/v2\/product_tag?post=17191"}],"curies":[{"name":"wp","href":"https:\/\/api.w.org\/{rel}","templated":true}]}}