{"id":17213,"date":"2022-06-28T15:12:27","date_gmt":"2022-06-28T14:12:27","guid":{"rendered":"https:\/\/marneantic.com\/?post_type=product&#038;p=17213"},"modified":"2022-06-28T15:14:39","modified_gmt":"2022-06-28T14:14:39","slug":"verre-a-liqueur-emaille-ancien-6","status":"publish","type":"product","link":"https:\/\/marneantic.com\/index.php\/produit\/verre-a-liqueur-emaille-ancien-6\/","title":{"rendered":"Verre \u00e0 liqueur \u00e9maill\u00e9 ancien"},"content":{"rendered":"","protected":false},"excerpt":{"rendered":"<table style=\"height: 9px;\" width=\"1030\" align=\"center\">\n<tbody>\n<tr>\n<td>\n<div id=\"ds_div\">Verre \u00e0 liqueur \u00e9maill\u00e9 ancien en bon \u00e9tat,hauteur:5cm,diametre:3.7cm<\/div>\n<\/td>\n<\/tr>\n<\/tbody>\n<\/table>\n","protected":false},"featured_media":17214,"comment_status":"closed","ping_status":"closed","template":"","meta":{"_et_pb_use_builder":"","_et_pb_old_content":"","_et_gb_content_width":""},"product_cat":[14,11],"product_tag":[],"_links":{"self":[{"href":"https:\/\/marneantic.com\/index.php\/wp-json\/wp\/v2\/product\/17213"}],"collection":[{"href":"https:\/\/marneantic.com\/index.php\/wp-json\/wp\/v2\/product"}],"about":[{"href":"https:\/\/marneantic.com\/index.php\/wp-json\/wp\/v2\/types\/product"}],"replies":[{"embeddable":true,"href":"https:\/\/marneantic.com\/index.php\/wp-json\/wp\/v2\/comments?post=17213"}],"wp:featuredmedia":[{"embeddable":true,"href":"https:\/\/marneantic.com\/index.php\/wp-json\/wp\/v2\/media\/17214"}],"wp:attachment":[{"href":"https:\/\/marneantic.com\/index.php\/wp-json\/wp\/v2\/media?parent=17213"}],"wp:term":[{"taxonomy":"product_cat","embeddable":true,"href":"https:\/\/marneantic.com\/index.php\/wp-json\/wp\/v2\/product_cat?post=17213"},{"taxonomy":"product_tag","embeddable":true,"href":"https:\/\/marneantic.com\/index.php\/wp-json\/wp\/v2\/product_tag?post=17213"}],"curies":[{"name":"wp","href":"https:\/\/api.w.org\/{rel}","templated":true}]}}