{"id":17245,"date":"2022-07-01T14:02:37","date_gmt":"2022-07-01T13:02:37","guid":{"rendered":"https:\/\/marneantic.com\/?post_type=product&#038;p=17245"},"modified":"2022-07-01T14:08:49","modified_gmt":"2022-07-01T13:08:49","slug":"service-a-decouper-ancien-en-argent-et-acier-en-ecrin","status":"publish","type":"product","link":"https:\/\/marneantic.com\/index.php\/produit\/service-a-decouper-ancien-en-argent-et-acier-en-ecrin\/","title":{"rendered":"Service \u00e0 d\u00e9couper ancien en argent et acier, en \u00e9crin"},"content":{"rendered":"","protected":false},"excerpt":{"rendered":"<p>Service \u00e0 d\u00e9couper ancien,en bon \u00e9tat,lames en acier,manche en argent(poin\u00e7on minerve),longueur couteau:32cm,fourchette:27cm,\u00e9crin d&rsquo;origine avec traces d&rsquo;usure<\/p>\n","protected":false},"featured_media":17247,"comment_status":"closed","ping_status":"closed","template":"","meta":{"_et_pb_use_builder":"","_et_pb_old_content":"","_et_gb_content_width":""},"product_cat":[12,10,29],"product_tag":[],"_links":{"self":[{"href":"https:\/\/marneantic.com\/index.php\/wp-json\/wp\/v2\/product\/17245"}],"collection":[{"href":"https:\/\/marneantic.com\/index.php\/wp-json\/wp\/v2\/product"}],"about":[{"href":"https:\/\/marneantic.com\/index.php\/wp-json\/wp\/v2\/types\/product"}],"replies":[{"embeddable":true,"href":"https:\/\/marneantic.com\/index.php\/wp-json\/wp\/v2\/comments?post=17245"}],"wp:featuredmedia":[{"embeddable":true,"href":"https:\/\/marneantic.com\/index.php\/wp-json\/wp\/v2\/media\/17247"}],"wp:attachment":[{"href":"https:\/\/marneantic.com\/index.php\/wp-json\/wp\/v2\/media?parent=17245"}],"wp:term":[{"taxonomy":"product_cat","embeddable":true,"href":"https:\/\/marneantic.com\/index.php\/wp-json\/wp\/v2\/product_cat?post=17245"},{"taxonomy":"product_tag","embeddable":true,"href":"https:\/\/marneantic.com\/index.php\/wp-json\/wp\/v2\/product_tag?post=17245"}],"curies":[{"name":"wp","href":"https:\/\/api.w.org\/{rel}","templated":true}]}}