{"id":17283,"date":"2022-07-07T12:40:20","date_gmt":"2022-07-07T11:40:20","guid":{"rendered":"https:\/\/marneantic.com\/?post_type=product&#038;p=17283"},"modified":"2022-07-07T12:49:45","modified_gmt":"2022-07-07T11:49:45","slug":"legumier-19eme-en-faience-anglaise-pinderbourne","status":"publish","type":"product","link":"https:\/\/marneantic.com\/index.php\/produit\/legumier-19eme-en-faience-anglaise-pinderbourne\/","title":{"rendered":"L\u00e9gumier 19eme en fa\u00efence anglaise PINDER&#038;BOURNE"},"content":{"rendered":"","protected":false},"excerpt":{"rendered":"<p>L\u00e9gumier 19eme(vers 1870) en fa\u00efence anglaise PINDER&amp;BOURNE en tr\u00e8s bon \u00e9tat sans aucuns \u00e9clats, a signaler des petites taches brunes dans la pate par endroits, diam\u00e8tre:25.7cm,hauteur totale:19cm<\/p>\n","protected":false},"featured_media":17284,"comment_status":"closed","ping_status":"closed","template":"","meta":{"_et_pb_use_builder":"","_et_pb_old_content":"","_et_gb_content_width":""},"product_cat":[28,7],"product_tag":[],"_links":{"self":[{"href":"https:\/\/marneantic.com\/index.php\/wp-json\/wp\/v2\/product\/17283"}],"collection":[{"href":"https:\/\/marneantic.com\/index.php\/wp-json\/wp\/v2\/product"}],"about":[{"href":"https:\/\/marneantic.com\/index.php\/wp-json\/wp\/v2\/types\/product"}],"replies":[{"embeddable":true,"href":"https:\/\/marneantic.com\/index.php\/wp-json\/wp\/v2\/comments?post=17283"}],"wp:featuredmedia":[{"embeddable":true,"href":"https:\/\/marneantic.com\/index.php\/wp-json\/wp\/v2\/media\/17284"}],"wp:attachment":[{"href":"https:\/\/marneantic.com\/index.php\/wp-json\/wp\/v2\/media?parent=17283"}],"wp:term":[{"taxonomy":"product_cat","embeddable":true,"href":"https:\/\/marneantic.com\/index.php\/wp-json\/wp\/v2\/product_cat?post=17283"},{"taxonomy":"product_tag","embeddable":true,"href":"https:\/\/marneantic.com\/index.php\/wp-json\/wp\/v2\/product_tag?post=17283"}],"curies":[{"name":"wp","href":"https:\/\/api.w.org\/{rel}","templated":true}]}}