{"id":17357,"date":"2022-07-19T16:09:44","date_gmt":"2022-07-19T15:09:44","guid":{"rendered":"https:\/\/marneantic.com\/?post_type=product&#038;p=17357"},"modified":"2022-07-19T16:17:07","modified_gmt":"2022-07-19T15:17:07","slug":"carafe-emaillee-art-deco-ancienne-decor-de-gui","status":"publish","type":"product","link":"https:\/\/marneantic.com\/index.php\/produit\/carafe-emaillee-art-deco-ancienne-decor-de-gui\/","title":{"rendered":"Carafe \u00e9maill\u00e9e art-d\u00e9co ancienne d\u00e9cor de gui"},"content":{"rendered":"","protected":false},"excerpt":{"rendered":"<p>Carafe \u00e9maill\u00e9e art-d\u00e9co ancienne a d\u00e9cor de gui en tr\u00e8s bon \u00e9tat, num\u00e9rot\u00e9e au dessous et bouchon<br \/>\nhauteur:27.5cm<br \/>\ndiam\u00e8tre:10.5cm<\/p>\n","protected":false},"featured_media":17358,"comment_status":"closed","ping_status":"closed","template":"","meta":{"_et_pb_use_builder":"","_et_pb_old_content":"","_et_gb_content_width":""},"product_cat":[10,44,11],"product_tag":[],"_links":{"self":[{"href":"https:\/\/marneantic.com\/index.php\/wp-json\/wp\/v2\/product\/17357"}],"collection":[{"href":"https:\/\/marneantic.com\/index.php\/wp-json\/wp\/v2\/product"}],"about":[{"href":"https:\/\/marneantic.com\/index.php\/wp-json\/wp\/v2\/types\/product"}],"replies":[{"embeddable":true,"href":"https:\/\/marneantic.com\/index.php\/wp-json\/wp\/v2\/comments?post=17357"}],"wp:featuredmedia":[{"embeddable":true,"href":"https:\/\/marneantic.com\/index.php\/wp-json\/wp\/v2\/media\/17358"}],"wp:attachment":[{"href":"https:\/\/marneantic.com\/index.php\/wp-json\/wp\/v2\/media?parent=17357"}],"wp:term":[{"taxonomy":"product_cat","embeddable":true,"href":"https:\/\/marneantic.com\/index.php\/wp-json\/wp\/v2\/product_cat?post=17357"},{"taxonomy":"product_tag","embeddable":true,"href":"https:\/\/marneantic.com\/index.php\/wp-json\/wp\/v2\/product_tag?post=17357"}],"curies":[{"name":"wp","href":"https:\/\/api.w.org\/{rel}","templated":true}]}}