{"id":17469,"date":"2022-08-13T14:02:22","date_gmt":"2022-08-13T13:02:22","guid":{"rendered":"https:\/\/marneantic.com\/?post_type=product&#038;p=17469"},"modified":"2022-08-13T14:10:09","modified_gmt":"2022-08-13T13:10:09","slug":"coupe-a-champagne-art-deco-ancienne","status":"publish","type":"product","link":"https:\/\/marneantic.com\/index.php\/produit\/coupe-a-champagne-art-deco-ancienne\/","title":{"rendered":"Coupe a champagne art-d\u00e9co ancienne"},"content":{"rendered":"","protected":false},"excerpt":{"rendered":"<p>Coupe a champagne art-d\u00e9co ancienne en tr\u00e8s bon \u00e9tat,hauteur:5.8cm, diam\u00e8tre du buvant:10cm, diam\u00e8tre du pied:6.5cm<\/p>\n<p>&nbsp;<\/p>\n","protected":false},"featured_media":17470,"comment_status":"closed","ping_status":"closed","template":"","meta":{"_et_pb_use_builder":"","_et_pb_old_content":"","_et_gb_content_width":""},"product_cat":[10,44,11],"product_tag":[],"_links":{"self":[{"href":"https:\/\/marneantic.com\/index.php\/wp-json\/wp\/v2\/product\/17469"}],"collection":[{"href":"https:\/\/marneantic.com\/index.php\/wp-json\/wp\/v2\/product"}],"about":[{"href":"https:\/\/marneantic.com\/index.php\/wp-json\/wp\/v2\/types\/product"}],"replies":[{"embeddable":true,"href":"https:\/\/marneantic.com\/index.php\/wp-json\/wp\/v2\/comments?post=17469"}],"wp:featuredmedia":[{"embeddable":true,"href":"https:\/\/marneantic.com\/index.php\/wp-json\/wp\/v2\/media\/17470"}],"wp:attachment":[{"href":"https:\/\/marneantic.com\/index.php\/wp-json\/wp\/v2\/media?parent=17469"}],"wp:term":[{"taxonomy":"product_cat","embeddable":true,"href":"https:\/\/marneantic.com\/index.php\/wp-json\/wp\/v2\/product_cat?post=17469"},{"taxonomy":"product_tag","embeddable":true,"href":"https:\/\/marneantic.com\/index.php\/wp-json\/wp\/v2\/product_tag?post=17469"}],"curies":[{"name":"wp","href":"https:\/\/api.w.org\/{rel}","templated":true}]}}