{"id":17540,"date":"2022-08-22T12:50:19","date_gmt":"2022-08-22T11:50:19","guid":{"rendered":"https:\/\/marneantic.com\/?post_type=product&#038;p=17540"},"modified":"2025-12-09T08:22:24","modified_gmt":"2025-12-09T07:22:24","slug":"tasse-the-ancienne-en-porcelaine-de-limoges","status":"publish","type":"product","link":"https:\/\/marneantic.com\/index.php\/produit\/tasse-the-ancienne-en-porcelaine-de-limoges\/","title":{"rendered":"Tasse th\u00e9 ancienne en porcelaine de Limoges"},"content":{"rendered":"","protected":false},"excerpt":{"rendered":"<p><span style=\"font-family: Arial;\">Tasse \u00e0 th\u00e9 ancienne en porcelaine de Limoges, manufacture MAVALEIX&amp;GRANGER vers 1910,d\u00e9cor d&rsquo;entrelacs et oiseaux en tr\u00e8s bon \u00e9tat<\/span><\/p>\n<div><span style=\"font-family: Arial;\">hauteur:5cm<\/span><\/div>\n<div><span style=\"font-family: Arial;\">diametre:9cm<\/span><\/div>\n<div>diam\u00e8tre soucoupe:14.8cm<\/div>\n","protected":false},"featured_media":17541,"comment_status":"closed","ping_status":"closed","template":"","meta":{"_et_pb_use_builder":"","_et_pb_old_content":"","_et_gb_content_width":""},"product_cat":[26,7],"product_tag":[],"_links":{"self":[{"href":"https:\/\/marneantic.com\/index.php\/wp-json\/wp\/v2\/product\/17540"}],"collection":[{"href":"https:\/\/marneantic.com\/index.php\/wp-json\/wp\/v2\/product"}],"about":[{"href":"https:\/\/marneantic.com\/index.php\/wp-json\/wp\/v2\/types\/product"}],"replies":[{"embeddable":true,"href":"https:\/\/marneantic.com\/index.php\/wp-json\/wp\/v2\/comments?post=17540"}],"wp:featuredmedia":[{"embeddable":true,"href":"https:\/\/marneantic.com\/index.php\/wp-json\/wp\/v2\/media\/17541"}],"wp:attachment":[{"href":"https:\/\/marneantic.com\/index.php\/wp-json\/wp\/v2\/media?parent=17540"}],"wp:term":[{"taxonomy":"product_cat","embeddable":true,"href":"https:\/\/marneantic.com\/index.php\/wp-json\/wp\/v2\/product_cat?post=17540"},{"taxonomy":"product_tag","embeddable":true,"href":"https:\/\/marneantic.com\/index.php\/wp-json\/wp\/v2\/product_tag?post=17540"}],"curies":[{"name":"wp","href":"https:\/\/api.w.org\/{rel}","templated":true}]}}