{"id":17601,"date":"2022-09-02T11:12:16","date_gmt":"2022-09-02T10:12:16","guid":{"rendered":"https:\/\/marneantic.com\/?post_type=product&#038;p=17601"},"modified":"2022-09-02T11:23:39","modified_gmt":"2022-09-02T10:23:39","slug":"lampe-vintage-annees-60","status":"publish","type":"product","link":"https:\/\/marneantic.com\/index.php\/produit\/lampe-vintage-annees-60\/","title":{"rendered":"Lampe vintage ann\u00e9es 60&prime;"},"content":{"rendered":"","protected":false},"excerpt":{"rendered":"<div>Lampe vintage ann\u00e9es 60&prime; en m\u00e9tal, abat-jour d&rsquo;\u00e9poque en tr\u00e8s bon \u00e9tat, \u00e9lectricit\u00e9 refaite interrupteur et prise en bak\u00e9lite d&rsquo;origine, hauteur totale:50cm,diametre abat-jour:25cm, fournie avec ampoule<\/div>\n<p>&nbsp;<\/p>\n","protected":false},"featured_media":17602,"comment_status":"closed","ping_status":"closed","template":"","meta":{"_et_pb_use_builder":"","_et_pb_old_content":"","_et_gb_content_width":""},"product_cat":[24,16],"product_tag":[],"_links":{"self":[{"href":"https:\/\/marneantic.com\/index.php\/wp-json\/wp\/v2\/product\/17601"}],"collection":[{"href":"https:\/\/marneantic.com\/index.php\/wp-json\/wp\/v2\/product"}],"about":[{"href":"https:\/\/marneantic.com\/index.php\/wp-json\/wp\/v2\/types\/product"}],"replies":[{"embeddable":true,"href":"https:\/\/marneantic.com\/index.php\/wp-json\/wp\/v2\/comments?post=17601"}],"wp:featuredmedia":[{"embeddable":true,"href":"https:\/\/marneantic.com\/index.php\/wp-json\/wp\/v2\/media\/17602"}],"wp:attachment":[{"href":"https:\/\/marneantic.com\/index.php\/wp-json\/wp\/v2\/media?parent=17601"}],"wp:term":[{"taxonomy":"product_cat","embeddable":true,"href":"https:\/\/marneantic.com\/index.php\/wp-json\/wp\/v2\/product_cat?post=17601"},{"taxonomy":"product_tag","embeddable":true,"href":"https:\/\/marneantic.com\/index.php\/wp-json\/wp\/v2\/product_tag?post=17601"}],"curies":[{"name":"wp","href":"https:\/\/api.w.org\/{rel}","templated":true}]}}