{"id":17612,"date":"2022-09-02T14:17:04","date_gmt":"2022-09-02T13:17:04","guid":{"rendered":"https:\/\/marneantic.com\/?post_type=product&#038;p=17612"},"modified":"2022-09-02T15:00:30","modified_gmt":"2022-09-02T14:00:30","slug":"grand-pied-de-lampe-amphore-vintage-en-ceramique","status":"publish","type":"product","link":"https:\/\/marneantic.com\/index.php\/produit\/grand-pied-de-lampe-amphore-vintage-en-ceramique\/","title":{"rendered":"Grand pied de lampe amphore vintage en c\u00e9ramique"},"content":{"rendered":"","protected":false},"excerpt":{"rendered":"<p>Grand pied de lampe amphore vintage en c\u00e9ramique, en tr\u00e8s bon \u00e9tat, pr\u00eat a \u00eatre \u00e9lectrifi\u00e9, hauteur:45cm,diametre:23cm<\/p>\n","protected":false},"featured_media":17613,"comment_status":"open","ping_status":"closed","template":"","meta":{"_et_pb_use_builder":"","_et_pb_old_content":"","_et_gb_content_width":""},"product_cat":[14,8,16],"product_tag":[],"_links":{"self":[{"href":"https:\/\/marneantic.com\/index.php\/wp-json\/wp\/v2\/product\/17612"}],"collection":[{"href":"https:\/\/marneantic.com\/index.php\/wp-json\/wp\/v2\/product"}],"about":[{"href":"https:\/\/marneantic.com\/index.php\/wp-json\/wp\/v2\/types\/product"}],"replies":[{"embeddable":true,"href":"https:\/\/marneantic.com\/index.php\/wp-json\/wp\/v2\/comments?post=17612"}],"wp:featuredmedia":[{"embeddable":true,"href":"https:\/\/marneantic.com\/index.php\/wp-json\/wp\/v2\/media\/17613"}],"wp:attachment":[{"href":"https:\/\/marneantic.com\/index.php\/wp-json\/wp\/v2\/media?parent=17612"}],"wp:term":[{"taxonomy":"product_cat","embeddable":true,"href":"https:\/\/marneantic.com\/index.php\/wp-json\/wp\/v2\/product_cat?post=17612"},{"taxonomy":"product_tag","embeddable":true,"href":"https:\/\/marneantic.com\/index.php\/wp-json\/wp\/v2\/product_tag?post=17612"}],"curies":[{"name":"wp","href":"https:\/\/api.w.org\/{rel}","templated":true}]}}