{"id":1764,"date":"2016-06-14T16:39:30","date_gmt":"2016-06-14T15:39:30","guid":{"rendered":"http:\/\/marneantic.com\/?post_type=product&#038;p=1764"},"modified":"2019-08-13T07:42:59","modified_gmt":"2019-08-13T06:42:59","slug":"coupe-sur-pied-art-deco","status":"publish","type":"product","link":"https:\/\/marneantic.com\/index.php\/produit\/coupe-sur-pied-art-deco\/","title":{"rendered":"Coupe sur pied art-d\u00e9co"},"content":{"rendered":"","protected":false},"excerpt":{"rendered":"<p>Coupe sur pied art-d\u00e9co:base en bois a d\u00e9cor de 3 boules chrom\u00e9,coupe en verre,en tr\u00e8s bon \u00e9tat,pas de signature apparente<\/p>\n","protected":false},"featured_media":1765,"comment_status":"closed","ping_status":"closed","template":"","meta":{"_et_pb_use_builder":"","_et_pb_old_content":"","_et_gb_content_width":""},"product_cat":[13,10,44,8],"product_tag":[],"_links":{"self":[{"href":"https:\/\/marneantic.com\/index.php\/wp-json\/wp\/v2\/product\/1764"}],"collection":[{"href":"https:\/\/marneantic.com\/index.php\/wp-json\/wp\/v2\/product"}],"about":[{"href":"https:\/\/marneantic.com\/index.php\/wp-json\/wp\/v2\/types\/product"}],"replies":[{"embeddable":true,"href":"https:\/\/marneantic.com\/index.php\/wp-json\/wp\/v2\/comments?post=1764"}],"wp:featuredmedia":[{"embeddable":true,"href":"https:\/\/marneantic.com\/index.php\/wp-json\/wp\/v2\/media\/1765"}],"wp:attachment":[{"href":"https:\/\/marneantic.com\/index.php\/wp-json\/wp\/v2\/media?parent=1764"}],"wp:term":[{"taxonomy":"product_cat","embeddable":true,"href":"https:\/\/marneantic.com\/index.php\/wp-json\/wp\/v2\/product_cat?post=1764"},{"taxonomy":"product_tag","embeddable":true,"href":"https:\/\/marneantic.com\/index.php\/wp-json\/wp\/v2\/product_tag?post=1764"}],"curies":[{"name":"wp","href":"https:\/\/api.w.org\/{rel}","templated":true}]}}