{"id":17709,"date":"2022-09-27T13:20:31","date_gmt":"2022-09-27T12:20:31","guid":{"rendered":"https:\/\/marneantic.com\/?post_type=product&#038;p=17709"},"modified":"2022-09-27T13:29:01","modified_gmt":"2022-09-27T12:29:01","slug":"pichet-a-lait-ancien-en-porcelaine-4","status":"publish","type":"product","link":"https:\/\/marneantic.com\/index.php\/produit\/pichet-a-lait-ancien-en-porcelaine-4\/","title":{"rendered":"Pichet a lait ancien en porcelaine"},"content":{"rendered":"","protected":false},"excerpt":{"rendered":"<p>Pichet a lait ancien en porcelaine d\u00e9cor peint main,en bon \u00e9tat,longueur:9.5cm hors poign\u00e9e et bec,largeur:7cm,hauteur:12.5cm<\/p>\n","protected":false},"featured_media":17710,"comment_status":"open","ping_status":"closed","template":"","meta":{"_et_pb_use_builder":"","_et_pb_old_content":"","_et_gb_content_width":""},"product_cat":[26,7],"product_tag":[],"_links":{"self":[{"href":"https:\/\/marneantic.com\/index.php\/wp-json\/wp\/v2\/product\/17709"}],"collection":[{"href":"https:\/\/marneantic.com\/index.php\/wp-json\/wp\/v2\/product"}],"about":[{"href":"https:\/\/marneantic.com\/index.php\/wp-json\/wp\/v2\/types\/product"}],"replies":[{"embeddable":true,"href":"https:\/\/marneantic.com\/index.php\/wp-json\/wp\/v2\/comments?post=17709"}],"wp:featuredmedia":[{"embeddable":true,"href":"https:\/\/marneantic.com\/index.php\/wp-json\/wp\/v2\/media\/17710"}],"wp:attachment":[{"href":"https:\/\/marneantic.com\/index.php\/wp-json\/wp\/v2\/media?parent=17709"}],"wp:term":[{"taxonomy":"product_cat","embeddable":true,"href":"https:\/\/marneantic.com\/index.php\/wp-json\/wp\/v2\/product_cat?post=17709"},{"taxonomy":"product_tag","embeddable":true,"href":"https:\/\/marneantic.com\/index.php\/wp-json\/wp\/v2\/product_tag?post=17709"}],"curies":[{"name":"wp","href":"https:\/\/api.w.org\/{rel}","templated":true}]}}